{"id":9,"date":"2021-10-26T06:27:43","date_gmt":"2021-10-26T06:27:43","guid":{"rendered":"https:\/\/vipflow.com\/?page_id=2823"},"modified":"2021-12-12T08:09:41","modified_gmt":"2021-12-12T08:09:41","slug":"merci-vip-table","status":"publish","type":"page","link":"https:\/\/vipflow.com\/fr\/merci-vip-table\/","title":{"rendered":"Merci Table VIP"},"content":{"rendered":"<section class=\"l-section wpb_row height_small\"><div class=\"l-section-h i-cf\"><div class=\"g-cols vc_row via_flex valign_top type_default stacking_default\"><div class=\"vc_col-sm-12 wpb_column vc_column_container\"><div class=\"vc_column-inner\"><div class=\"wpb_wrapper\"><div class=\"wpb_text_column\"><div class=\"wpb_wrapper\"><h1 style=\"text-align: left;\">Merci d&#8217;avoir demand\u00e9 la r\u00e9servation d&#8217;une table VIP.<\/h1>\n<\/div><\/div><div class=\"w-separator size_small\"><\/div>[vc_single_image image=&#8221;2462&#8243; img_size=&#8221;full&#8221; css=&#8221;.vc_custom_1635230434214{border-radius: 10px !important;}&#8221;]<div class=\"w-separator size_small\"><\/div><div class=\"wpb_text_column\"><div class=\"wpb_wrapper\"><h3 style=\"text-align: left;\">Prochaines \u00e9tapes :<\/h3>\n<p>Nous vous contacterons via le canal que vous avez choisi pour vous communiquer les informations, les plans des tables, les prix des bouteilles, les conditions de r\u00e9servation, les contacts des responsables VIP, etc pour le club que vous avez demand\u00e9.En attendant, parcourez nos autres services de conciergerie, vous y trouverez peut-\u00eatre votre bonheur.Cordialement,Scott de Vipflow<\/p>\n<\/div><\/div><\/div><\/div><\/div><\/div><\/div><\/section>\n","protected":false},"excerpt":{"rendered":"Merci d&#8217;avoir demand\u00e9 la r\u00e9servation d&#8217;une table VIP. [vc_single_image image=\"2462\" img_size=\"full\" css=\".vc_custom_1635230434214{border-radius: 10px !important;}\"]Prochaines \u00e9tapes : Nous vous contacterons via le canal que vous avez choisi pour vous communiquer les informations, les plans des tables, les prix des bouteilles, les conditions de r\u00e9servation, les contacts des responsables VIP, etc pour le club que vous avez...","protected":false},"author":1,"featured_media":0,"parent":0,"menu_order":0,"comment_status":"closed","ping_status":"closed","template":"","meta":{"inline_featured_image":false},"_links":{"self":[{"href":"https:\/\/vipflow.com\/fr\/wp-json\/wp\/v2\/pages\/9"}],"collection":[{"href":"https:\/\/vipflow.com\/fr\/wp-json\/wp\/v2\/pages"}],"about":[{"href":"https:\/\/vipflow.com\/fr\/wp-json\/wp\/v2\/types\/page"}],"author":[{"embeddable":true,"href":"https:\/\/vipflow.com\/fr\/wp-json\/wp\/v2\/users\/1"}],"replies":[{"embeddable":true,"href":"https:\/\/vipflow.com\/fr\/wp-json\/wp\/v2\/comments?post=9"}],"version-history":[{"count":2,"href":"https:\/\/vipflow.com\/fr\/wp-json\/wp\/v2\/pages\/9\/revisions"}],"predecessor-version":[{"id":26,"href":"https:\/\/vipflow.com\/fr\/wp-json\/wp\/v2\/pages\/9\/revisions\/26"}],"wp:attachment":[{"href":"https:\/\/vipflow.com\/fr\/wp-json\/wp\/v2\/media?parent=9"}],"curies":[{"name":"wp","href":"https:\/\/api.w.org\/{rel}","templated":true}]}}