{"id":8,"date":"2021-09-10T13:51:17","date_gmt":"2021-09-10T13:51:17","guid":{"rendered":"https:\/\/vipflow.com\/?page_id=263"},"modified":"2021-12-12T08:09:20","modified_gmt":"2021-12-12T08:09:20","slug":"plan-de-site","status":"publish","type":"page","link":"https:\/\/vipflow.com\/fr\/plan-de-site\/","title":{"rendered":"Plan du site"},"content":{"rendered":"<section class=\"l-section wpb_row height_small\"><div class=\"l-section-h i-cf\"><div class=\"g-cols vc_row via_flex valign_top type_default stacking_default\"><div class=\"vc_col-sm-12 wpb_column vc_column_container\"><div class=\"vc_column-inner\"><div class=\"wpb_wrapper\"><div class=\"wpb_text_column\"><div class=\"wpb_wrapper\"><h1>Plan du site<\/h1>\n<h3>Toutes les pages :<\/h3>\n<\/div><\/div><div class=\"w-grid type_grid layout_blog_3 cols_3\" id=\"us_grid_1\" data-filterable=\"true\"><style>#us_grid_1 .w-grid-item{padding:1.5rem}#us_grid_1 .w-grid-list{margin:-1.5rem}.w-grid + #us_grid_1 .w-grid-list,.w-grid-none + #us_grid_1 .w-grid-list{margin-top:1.5rem}@media (max-width:899px){#us_grid_1 .w-grid-item{width:50%}}@media (max-width:599px){#us_grid_1 .w-grid-list{margin:0}#us_grid_1 .w-grid-item{width:100%;padding:0;margin-bottom:1.5rem}}.layout_blog_3 .w-grid-item-h{}<\/style><div class=\"w-grid-list\">\t<article class=\"w-grid-item size_1x1 post-7 page type-page status-publish hentry\" data-id=\"7\">\r\n\t\t<div class=\"w-grid-item-h\">\r\n\t\t\t\t\t\t<div class=\"w-post-elm post_title usg_post_title_1 entry-title color_link_inherit\"><a href=\"https:\/\/vipflow.com\/fr\/alcool-de-luxe\/\">Alcool de luxe<\/a><\/div>\t\t<\/div>\r\n\t<\/article>\r\n\t<article class=\"w-grid-item size_1x1 post-6 page type-page status-publish hentry\" data-id=\"6\">\r\n\t\t<div class=\"w-grid-item-h\">\r\n\t\t\t\t\t\t<div class=\"w-post-elm post_title usg_post_title_1 entry-title color_link_inherit\"><a href=\"https:\/\/vipflow.com\/fr\/concierge-by-vipflow\/\">Concierge par Vipflow<\/a><\/div>\t\t<\/div>\r\n\t<\/article>\r\n\t<article class=\"w-grid-item size_1x1 post-11 page type-page status-publish hentry\" data-id=\"11\">\r\n\t\t<div class=\"w-grid-item-h\">\r\n\t\t\t\t\t\t<div class=\"w-post-elm post_title usg_post_title_1 entry-title color_link_inherit\"><a href=\"https:\/\/vipflow.com\/fr\/envie-de-voyager\/\">Wanderlust<\/a><\/div>\t\t<\/div>\r\n\t<\/article>\r\n\t<article class=\"w-grid-item size_1x1 post-9 page type-page status-publish hentry\" data-id=\"9\">\r\n\t\t<div class=\"w-grid-item-h\">\r\n\t\t\t\t\t\t<div class=\"w-post-elm post_title usg_post_title_1 entry-title color_link_inherit\"><a href=\"https:\/\/vipflow.com\/fr\/merci-vip-table\/\">Merci Table VIP<\/a><\/div>\t\t<\/div>\r\n\t<\/article>\r\n\t<article class=\"w-grid-item size_1x1 post-5 page type-page status-publish hentry\" data-id=\"5\">\r\n\t\t<div class=\"w-grid-item-h\">\r\n\t\t\t\t\t\t<div class=\"w-post-elm post_title usg_post_title_1 entry-title color_link_inherit\"><a href=\"https:\/\/vipflow.com\/fr\/bottle-service-vip-table-bookings\/\">Bottle Service + R\u00e9servations de tables VIP<\/a><\/div>\t\t<\/div>\r\n\t<\/article>\r\n\t<article class=\"w-grid-item size_1x1 post-8 page type-page status-publish hentry\" data-id=\"8\">\r\n\t\t<div class=\"w-grid-item-h\">\r\n\t\t\t\t\t\t<div class=\"w-post-elm post_title usg_post_title_1 entry-title color_link_inherit\"><a href=\"https:\/\/vipflow.com\/fr\/plan-de-site\/\">Plan du site<\/a><\/div>\t\t<\/div>\r\n\t<\/article>\r\n\t<article class=\"w-grid-item size_1x1 post-10 page type-page status-publish hentry\" data-id=\"10\">\r\n\t\t<div class=\"w-grid-item-h\">\r\n\t\t\t\t\t\t<div class=\"w-post-elm post_title usg_post_title_1 entry-title color_link_inherit\"><a href=\"https:\/\/vipflow.com\/fr\/\">Vipflow.com<\/a><\/div>\t\t<\/div>\r\n\t<\/article>\r\n<\/div><div class=\"w-grid-preloader\"><div class=\"g-preloader type_1\">\r\n\t<div><\/div>\r\n<\/div>\r\n<\/div>\t<div class=\"w-grid-json hidden\" onclick='return {&quot;action&quot;:&quot;us_ajax_grid&quot;,&quot;ajax_url&quot;:&quot;https:\\\/\\\/vipflow.com\\\/fr\\\/wp-admin\\\/admin-ajax.php&quot;,&quot;infinite_scroll&quot;:0,&quot;max_num_pages&quot;:1,&quot;pagination&quot;:&quot;none&quot;,&quot;permalink_url&quot;:&quot;https:\\\/\\\/vipflow.com\\\/fr\\\/wp-json\\\/wp\\\/v2\\\/pages\\\/8&quot;,&quot;template_vars&quot;:{&quot;columns&quot;:&quot;3&quot;,&quot;exclude_items&quot;:&quot;none&quot;,&quot;img_size&quot;:&quot;default&quot;,&quot;ignore_items_size&quot;:0,&quot;items_layout&quot;:&quot;blog_3&quot;,&quot;items_offset&quot;:&quot;1&quot;,&quot;load_animation&quot;:&quot;none&quot;,&quot;overriding_link&quot;:&quot;none&quot;,&quot;post_id&quot;:8,&quot;query_args&quot;:{&quot;post_type&quot;:[&quot;page&quot;],&quot;post_status&quot;:[&quot;publish&quot;],&quot;posts_per_page&quot;:999},&quot;orderby_query_args&quot;:{&quot;orderby&quot;:{&quot;date&quot;:&quot;DESC&quot;}},&quot;type&quot;:&quot;grid&quot;,&quot;us_grid_ajax_index&quot;:1,&quot;us_grid_filter_params&quot;:null,&quot;us_grid_index&quot;:1,&quot;_us_grid_post_type&quot;:&quot;page&quot;}}'><\/div>\r\n\t<\/div><div class=\"w-separator size_large with_line width_default thick_1 style_solid color_border align_center\"><div class=\"w-separator-h\"><\/div><\/div><div class=\"wpb_text_column\"><div class=\"wpb_wrapper\"><h3>Tous les services<\/h3>\n<\/div><\/div><div class=\"w-grid type_grid layout_blog_3 cols_3\" id=\"us_grid_2\"><style>#us_grid_2 .w-grid-item{padding:1.5rem}#us_grid_2 .w-grid-list{margin:-1.5rem}.w-grid + #us_grid_2 .w-grid-list,.w-grid-none + #us_grid_2 .w-grid-list{margin-top:1.5rem}@media (max-width:899px){#us_grid_2 .w-grid-item{width:50%}}@media (max-width:599px){#us_grid_2 .w-grid-list{margin:0}#us_grid_2 .w-grid-item{width:100%;padding:0;margin-bottom:1.5rem}}<\/style><div class=\"w-grid-list\">\t<article class=\"w-grid-item size_1x1 post-41 us_portfolio type-us_portfolio status-publish has-post-thumbnail hentry us_portfolio_category-vip-table-booking us_portfolio_tag-paris\" data-id=\"41\">\r\n\t\t<div class=\"w-grid-item-h\">\r\n\t\t\t\t\t\t<div class=\"w-post-elm post_title usg_post_title_1 entry-title color_link_inherit\"><a href=\"https:\/\/vipflow.com\/fr\/manko-club-paris-vip-table\/\">Manko Club Paris<\/a><\/div>\t\t<\/div>\r\n\t<\/article>\r\n\t<article class=\"w-grid-item size_1x1 post-43 us_portfolio type-us_portfolio status-publish has-post-thumbnail hentry us_portfolio_category-vip-table-booking us_portfolio_tag-paris\" data-id=\"43\">\r\n\t\t<div class=\"w-grid-item-h\">\r\n\t\t\t\t\t\t<div class=\"w-post-elm post_title usg_post_title_1 entry-title color_link_inherit\"><a href=\"https:\/\/vipflow.com\/fr\/de-flower-paris-vip-table\/\">De Flower Paris<\/a><\/div>\t\t<\/div>\r\n\t<\/article>\r\n\t<article class=\"w-grid-item size_1x1 post-45 us_portfolio type-us_portfolio status-publish has-post-thumbnail hentry us_portfolio_category-vip-table-booking us_portfolio_tag-paris\" data-id=\"45\">\r\n\t\t<div class=\"w-grid-item-h\">\r\n\t\t\t\t\t\t<div class=\"w-post-elm post_title usg_post_title_1 entry-title color_link_inherit\"><a href=\"https:\/\/vipflow.com\/fr\/cova-paris-vip-table\/\">Cova Paris<\/a><\/div>\t\t<\/div>\r\n\t<\/article>\r\n\t<article class=\"w-grid-item size_1x1 post-47 us_portfolio type-us_portfolio status-publish has-post-thumbnail hentry us_portfolio_category-vip-table-booking us_portfolio_tag-paris\" data-id=\"47\">\r\n\t\t<div class=\"w-grid-item-h\">\r\n\t\t\t\t\t\t<div class=\"w-post-elm post_title usg_post_title_1 entry-title color_link_inherit\"><a href=\"https:\/\/vipflow.com\/fr\/sanctum-paris-vip-table\/\">Sanctum Paris<\/a><\/div>\t\t<\/div>\r\n\t<\/article>\r\n\t<article class=\"w-grid-item size_1x1 post-49 us_portfolio type-us_portfolio status-publish has-post-thumbnail hentry us_portfolio_category-vip-table-booking us_portfolio_tag-paris\" data-id=\"49\">\r\n\t\t<div class=\"w-grid-item-h\">\r\n\t\t\t\t\t\t<div class=\"w-post-elm post_title usg_post_title_1 entry-title color_link_inherit\"><a href=\"https:\/\/vipflow.com\/fr\/azur-paris-vip-table\/\">Azur Paris<\/a><\/div>\t\t<\/div>\r\n\t<\/article>\r\n\t<article class=\"w-grid-item size_1x1 post-51 us_portfolio type-us_portfolio status-publish has-post-thumbnail hentry us_portfolio_category-vip-table-booking us_portfolio_tag-paris\" data-id=\"51\">\r\n\t\t<div class=\"w-grid-item-h\">\r\n\t\t\t\t\t\t<div class=\"w-post-elm post_title usg_post_title_1 entry-title color_link_inherit\"><a href=\"https:\/\/vipflow.com\/fr\/chateau-paris-vip-table\/\">Ch\u00e2teau de Paris<\/a><\/div>\t\t<\/div>\r\n\t<\/article>\r\n\t<article class=\"w-grid-item size_1x1 post-52 us_portfolio type-us_portfolio status-publish has-post-thumbnail hentry us_portfolio_category-vip-table-booking us_portfolio_tag-paris\" data-id=\"52\">\r\n\t\t<div class=\"w-grid-item-h\">\r\n\t\t\t\t\t\t<div class=\"w-post-elm post_title usg_post_title_1 entry-title color_link_inherit\"><a href=\"https:\/\/vipflow.com\/fr\/le-milliardaire-paris-vip-table\/\">Le Milliardaire Paris<\/a><\/div>\t\t<\/div>\r\n\t<\/article>\r\n\t<article class=\"w-grid-item size_1x1 post-55 us_portfolio type-us_portfolio status-publish has-post-thumbnail hentry us_portfolio_category-vip-table-booking us_portfolio_tag-paris\" data-id=\"55\">\r\n\t\t<div class=\"w-grid-item-h\">\r\n\t\t\t\t\t\t<div class=\"w-post-elm post_title usg_post_title_1 entry-title color_link_inherit\"><a href=\"https:\/\/vipflow.com\/fr\/boum-boum-paris-vip-table\/\">Boum Boum Paris<\/a><\/div>\t\t<\/div>\r\n\t<\/article>\r\n\t<article class=\"w-grid-item size_1x1 post-57 us_portfolio type-us_portfolio status-publish has-post-thumbnail hentry us_portfolio_category-vip-table-booking us_portfolio_tag-paris\" data-id=\"57\">\r\n\t\t<div class=\"w-grid-item-h\">\r\n\t\t\t\t\t\t<div class=\"w-post-elm post_title usg_post_title_1 entry-title color_link_inherit\"><a href=\"https:\/\/vipflow.com\/fr\/le-baron-paris-vip-table\/\">Le Baron Paris<\/a><\/div>\t\t<\/div>\r\n\t<\/article>\r\n\t<article class=\"w-grid-item size_1x1 post-59 us_portfolio type-us_portfolio status-publish has-post-thumbnail hentry us_portfolio_category-vip-table-booking us_portfolio_tag-paris\" data-id=\"59\">\r\n\t\t<div class=\"w-grid-item-h\">\r\n\t\t\t\t\t\t<div class=\"w-post-elm post_title usg_post_title_1 entry-title color_link_inherit\"><a href=\"https:\/\/vipflow.com\/fr\/le-yoyo-paris-vip-table\/\">Le Yoyo Paris<\/a><\/div>\t\t<\/div>\r\n\t<\/article>\r\n\t<article class=\"w-grid-item size_1x1 post-61 us_portfolio type-us_portfolio status-publish has-post-thumbnail hentry us_portfolio_category-vip-table-booking us_portfolio_tag-paris\" data-id=\"61\">\r\n\t\t<div class=\"w-grid-item-h\">\r\n\t\t\t\t\t\t<div class=\"w-post-elm post_title usg_post_title_1 entry-title color_link_inherit\"><a href=\"https:\/\/vipflow.com\/fr\/bagatelle-paris-vip-table\/\">Bagatelle Paris<\/a><\/div>\t\t<\/div>\r\n\t<\/article>\r\n\t<article class=\"w-grid-item size_1x1 post-63 us_portfolio type-us_portfolio status-publish has-post-thumbnail hentry us_portfolio_category-vip-table-booking us_portfolio_tag-paris\" data-id=\"63\">\r\n\t\t<div class=\"w-grid-item-h\">\r\n\t\t\t\t\t\t<div class=\"w-post-elm post_title usg_post_title_1 entry-title color_link_inherit\"><a href=\"https:\/\/vipflow.com\/fr\/palais-maillot-paris-vip-table\/\">Palais Maillot Paris<\/a><\/div>\t\t<\/div>\r\n\t<\/article>\r\n\t<article class=\"w-grid-item size_1x1 post-65 us_portfolio type-us_portfolio status-publish has-post-thumbnail hentry us_portfolio_category-vip-table-booking us_portfolio_tag-paris\" data-id=\"65\">\r\n\t\t<div class=\"w-grid-item-h\">\r\n\t\t\t\t\t\t<div class=\"w-post-elm post_title usg_post_title_1 entry-title color_link_inherit\"><a href=\"https:\/\/vipflow.com\/fr\/heritage-paris-vip-table\/\">Heritage Paris<\/a><\/div>\t\t<\/div>\r\n\t<\/article>\r\n\t<article class=\"w-grid-item size_1x1 post-67 us_portfolio type-us_portfolio status-publish has-post-thumbnail hentry us_portfolio_category-vip-table-booking us_portfolio_tag-paris\" data-id=\"67\">\r\n\t\t<div class=\"w-grid-item-h\">\r\n\t\t\t\t\t\t<div class=\"w-post-elm post_title usg_post_title_1 entry-title color_link_inherit\"><a href=\"https:\/\/vipflow.com\/fr\/pachamama-paris-vip-table\/\">Pachamama Paris<\/a><\/div>\t\t<\/div>\r\n\t<\/article>\r\n\t<article class=\"w-grid-item size_1x1 post-69 us_portfolio type-us_portfolio status-publish has-post-thumbnail hentry us_portfolio_category-vip-table-booking us_portfolio_tag-paris\" data-id=\"69\">\r\n\t\t<div class=\"w-grid-item-h\">\r\n\t\t\t\t\t\t<div class=\"w-post-elm post_title usg_post_title_1 entry-title color_link_inherit\"><a href=\"https:\/\/vipflow.com\/fr\/matignon-paris-vip-table\/\">Matignon Paris<\/a><\/div>\t\t<\/div>\r\n\t<\/article>\r\n\t<article class=\"w-grid-item size_1x1 post-71 us_portfolio type-us_portfolio status-publish has-post-thumbnail hentry us_portfolio_category-vip-table-booking us_portfolio_tag-paris\" data-id=\"71\">\r\n\t\t<div class=\"w-grid-item-h\">\r\n\t\t\t\t\t\t<div class=\"w-post-elm post_title usg_post_title_1 entry-title color_link_inherit\"><a href=\"https:\/\/vipflow.com\/fr\/raspoutine-paris-vip-table\/\">Raspoutine Paris<\/a><\/div>\t\t<\/div>\r\n\t<\/article>\r\n\t<article class=\"w-grid-item size_1x1 post-73 us_portfolio type-us_portfolio status-publish has-post-thumbnail hentry us_portfolio_category-vip-table-booking us_portfolio_tag-paris\" data-id=\"73\">\r\n\t\t<div class=\"w-grid-item-h\">\r\n\t\t\t\t\t\t<div class=\"w-post-elm post_title usg_post_title_1 entry-title color_link_inherit\"><a href=\"https:\/\/vipflow.com\/fr\/larc-paris-vip-table\/\">L&#8217;Arc Paris<\/a><\/div>\t\t<\/div>\r\n\t<\/article>\r\n\t<article class=\"w-grid-item size_1x1 post-75 us_portfolio type-us_portfolio status-publish has-post-thumbnail hentry us_portfolio_category-vip-table-booking us_portfolio_tag-paris\" data-id=\"75\">\r\n\t\t<div class=\"w-grid-item-h\">\r\n\t\t\t\t\t\t<div class=\"w-post-elm post_title usg_post_title_1 entry-title color_link_inherit\"><a href=\"https:\/\/vipflow.com\/fr\/paris-bottle-service-bookings\/\">R\u00e9servations pour le Bottle Service de Paris<\/a><\/div>\t\t<\/div>\r\n\t<\/article>\r\n<\/div><div class=\"w-grid-preloader\"><div class=\"g-preloader type_1\">\r\n\t<div><\/div>\r\n<\/div>\r\n<\/div>\t<div class=\"w-grid-json hidden\" onclick='return {&quot;action&quot;:&quot;us_ajax_grid&quot;,&quot;ajax_url&quot;:&quot;https:\\\/\\\/vipflow.com\\\/fr\\\/wp-admin\\\/admin-ajax.php&quot;,&quot;infinite_scroll&quot;:0,&quot;max_num_pages&quot;:1,&quot;pagination&quot;:&quot;none&quot;,&quot;permalink_url&quot;:&quot;https:\\\/\\\/vipflow.com\\\/fr\\\/wp-json\\\/wp\\\/v2\\\/pages\\\/8&quot;,&quot;template_vars&quot;:{&quot;columns&quot;:&quot;3&quot;,&quot;exclude_items&quot;:&quot;none&quot;,&quot;img_size&quot;:&quot;default&quot;,&quot;ignore_items_size&quot;:0,&quot;items_layout&quot;:&quot;blog_3&quot;,&quot;items_offset&quot;:&quot;1&quot;,&quot;load_animation&quot;:&quot;none&quot;,&quot;overriding_link&quot;:&quot;none&quot;,&quot;post_id&quot;:10,&quot;query_args&quot;:{&quot;post_type&quot;:[&quot;us_portfolio&quot;],&quot;post_status&quot;:[&quot;publish&quot;],&quot;posts_per_page&quot;:999},&quot;orderby_query_args&quot;:{&quot;orderby&quot;:{&quot;date&quot;:&quot;DESC&quot;}},&quot;type&quot;:&quot;grid&quot;,&quot;us_grid_ajax_index&quot;:1,&quot;us_grid_filter_params&quot;:null,&quot;us_grid_index&quot;:2,&quot;_us_grid_post_type&quot;:&quot;us_portfolio&quot;}}'><\/div>\r\n\t<\/div><div class=\"w-separator size_large with_line width_default thick_1 style_solid color_border align_center\"><div class=\"w-separator-h\"><\/div><\/div><div class=\"wpb_text_column\"><div class=\"wpb_wrapper\"><h3>Tous les messages<\/h3>\n<\/div><\/div><div class=\"w-grid type_grid layout_blog_3 no_results_hide_grid cols_3\" id=\"us_grid_3\"><style>#us_grid_3 .w-grid-item{padding:1.5rem}#us_grid_3 .w-grid-list{margin:-1.5rem}.w-grid + #us_grid_3 .w-grid-list,.w-grid-none + #us_grid_3 .w-grid-list{margin-top:1.5rem}@media (max-width:899px){#us_grid_3 .w-grid-item{width:50%}}@media (max-width:599px){#us_grid_3 .w-grid-list{margin:0}#us_grid_3 .w-grid-item{width:100%;padding:0;margin-bottom:1.5rem}}<\/style><div class=\"w-grid-list\"><\/div><div class=\"w-grid-preloader\"><div class=\"g-preloader type_1\">\r\n\t<div><\/div>\r\n<\/div>\r\n<\/div>\t<div class=\"w-grid-json hidden\" onclick='return {&quot;action&quot;:&quot;us_ajax_grid&quot;,&quot;ajax_url&quot;:&quot;https:\\\/\\\/vipflow.com\\\/fr\\\/wp-admin\\\/admin-ajax.php&quot;,&quot;infinite_scroll&quot;:0,&quot;max_num_pages&quot;:0,&quot;pagination&quot;:&quot;none&quot;,&quot;permalink_url&quot;:&quot;https:\\\/\\\/vipflow.com\\\/fr\\\/wp-json\\\/wp\\\/v2\\\/pages\\\/8&quot;,&quot;template_vars&quot;:{&quot;columns&quot;:&quot;3&quot;,&quot;exclude_items&quot;:&quot;none&quot;,&quot;img_size&quot;:&quot;default&quot;,&quot;ignore_items_size&quot;:0,&quot;items_layout&quot;:&quot;blog_3&quot;,&quot;items_offset&quot;:&quot;1&quot;,&quot;load_animation&quot;:&quot;none&quot;,&quot;overriding_link&quot;:&quot;none&quot;,&quot;post_id&quot;:75,&quot;query_args&quot;:{&quot;post_type&quot;:[&quot;post&quot;],&quot;post_status&quot;:[&quot;publish&quot;],&quot;posts_per_page&quot;:999},&quot;orderby_query_args&quot;:{&quot;orderby&quot;:{&quot;date&quot;:&quot;DESC&quot;}},&quot;type&quot;:&quot;grid&quot;,&quot;us_grid_ajax_index&quot;:1,&quot;us_grid_filter_params&quot;:null,&quot;us_grid_index&quot;:3,&quot;_us_grid_post_type&quot;:&quot;post&quot;}}'><\/div>\r\n\t<\/div><div class=\"w-grid-none type_message\">No results found.<\/div><div class=\"w-separator size_large with_line width_default thick_1 style_solid color_border align_center\"><div class=\"w-separator-h\"><\/div><\/div><\/div><\/div><\/div><\/div><\/div><\/section>\n","protected":false},"excerpt":{"rendered":"Paris VIP Table &amp; Bottle Service Reservations Nous r\u00e9servons dans tous les meilleurs clubs de Paris. Parlez-nous : via Whatsapppar courrier \u00e9lectroniqueClubs VIP \u00e0 Paris : Manko Club Paris De Flower Paris Cova Paris Sanctum Paris Azur Paris Ch\u00e2teau de Paris Le Milliardaire Paris Boum Boum Paris Le Baron Paris Le Yoyo Paris Bagatelle Paris...","protected":false},"author":1,"featured_media":0,"parent":0,"menu_order":0,"comment_status":"closed","ping_status":"closed","template":"","meta":{"inline_featured_image":false},"_links":{"self":[{"href":"https:\/\/vipflow.com\/fr\/wp-json\/wp\/v2\/pages\/8"}],"collection":[{"href":"https:\/\/vipflow.com\/fr\/wp-json\/wp\/v2\/pages"}],"about":[{"href":"https:\/\/vipflow.com\/fr\/wp-json\/wp\/v2\/types\/page"}],"author":[{"embeddable":true,"href":"https:\/\/vipflow.com\/fr\/wp-json\/wp\/v2\/users\/1"}],"replies":[{"embeddable":true,"href":"https:\/\/vipflow.com\/fr\/wp-json\/wp\/v2\/comments?post=8"}],"version-history":[{"count":2,"href":"https:\/\/vipflow.com\/fr\/wp-json\/wp\/v2\/pages\/8\/revisions"}],"predecessor-version":[{"id":24,"href":"https:\/\/vipflow.com\/fr\/wp-json\/wp\/v2\/pages\/8\/revisions\/24"}],"wp:attachment":[{"href":"https:\/\/vipflow.com\/fr\/wp-json\/wp\/v2\/media?parent=8"}],"curies":[{"name":"wp","href":"https:\/\/api.w.org\/{rel}","templated":true}]}}