{"id":6,"date":"2021-12-05T11:57:47","date_gmt":"2021-12-05T11:57:47","guid":{"rendered":"https:\/\/vipflow.com\/?page_id=5830"},"modified":"2021-12-12T08:08:41","modified_gmt":"2021-12-12T08:08:41","slug":"concierge-by-vipflow","status":"publish","type":"page","link":"https:\/\/vipflow.com\/fr\/concierge-by-vipflow\/","title":{"rendered":"Concierge par Vipflow"},"content":{"rendered":"<section class=\"l-section wpb_row height_small\"><div class=\"l-section-h i-cf\"><div class=\"g-cols vc_row via_flex valign_top type_default stacking_default\"><div class=\"vc_col-sm-12 wpb_column vc_column_container\"><div class=\"vc_column-inner\"><div class=\"wpb_wrapper\"><div class=\"wpb_text_column\"><div class=\"wpb_wrapper\"><h1>Le groupe de conciergerie n\u00b01 dans le monde<\/h1>\n<p>Le service de conciergerie et l&#8217;adh\u00e9sion n\u00b01 au mondeB\u00e9n\u00e9ficiez d&#8217;un gestionnaire de style de vie personnel, de privil\u00e8ges exclusifs, d&#8217;un acc\u00e8s unique et personnalis\u00e9, d&#8217;une couverture mondiale et d&#8217;exp\u00e9riences inoubliablesEt enfin &#8211; gagner du temps<\/p>\n<\/div><\/div><div class=\"w-separator size_small\"><\/div><div class=\"w-btn-wrapper align_none\"><a class=\"w-btn us-btn-style_1\" href=\"#enquire\"><span class=\"w-btn-label\">Demande de renseignements<\/span><\/a><\/div><div class=\"w-btn-wrapper align_none\"><a class=\"w-btn us-btn-style_1\" href=\"#services\"><span class=\"w-btn-label\">D\u00e9couvrez nos services<\/span><\/a><\/div><div class=\"w-separator size_small\"><\/div><div class=\"w-image us_custom_9cf479d2 align_none\"><a href=\"#enquire\" aria-label=\"Link\" class=\"w-image-h\"><img class=\"g-placeholder\" src=\"https:\/\/vipflow.com\/fr\/wp-content\/plugins\/us-core\/assets\/images\/placeholder.svg\" width=\"1024\" height=\"1024\" alt><\/a><\/div><div class=\"w-separator size_small\"><\/div><div class=\"wpb_text_column\"><div class=\"wpb_wrapper\">\n<\/div><\/div><\/div><\/div><\/div><\/div><\/div><\/section><section class=\"l-section wpb_row height_small\" id=\"services\"><div class=\"l-section-h i-cf\"><div class=\"g-cols vc_row via_flex valign_top type_default stacking_default\"><div class=\"vc_col-sm-12 wpb_column vc_column_container\"><div class=\"vc_column-inner\"><div class=\"wpb_wrapper\"><div class=\"wpb_text_column\"><div class=\"wpb_wrapper\"><h2>Nos services<\/h2>\n<p>Plus qu&#8217;un simple service de conciergerie de luxe, nous avons construit un service complet de gestion du style de vie \u00e0 partir des besoins et des demandes de nos clients et de nos membres au fil des ans.Bien entendu, nous traitons les demandes quotidiennes, en fournissant l&#8217;acc\u00e8s et l&#8217;assistance \u00e0 des lieux, des \u00e9v\u00e9nements, des personnes et des choses qui sont autrement hors du march\u00e9.Mais nous disposons \u00e9galement d&#8217;\u00e9quipes, dirig\u00e9es par des experts mondiaux, qui sont en mesure de g\u00e9rer presque toute la complexit\u00e9 de la vie de nos membres.Notre promesse est de vous faire gagner du temps et de vous permettre de d\u00e9couvrir ce que le monde a de mieux \u00e0 offrir.<\/p>\n<\/div><\/div><div class=\"w-separator size_small\"><\/div><div class=\"w-btn-wrapper align_none\"><a class=\"w-btn us-btn-style_1\" href=\"#enquire\"><span class=\"w-btn-label\">Demande de renseignements<\/span><\/a><\/div><div class=\"w-separator size_small\"><\/div><div class=\"w-image us_custom_9cf479d2 align_none\"><a href=\"#enquire\" aria-label=\"Link\" class=\"w-image-h\"><img class=\"g-placeholder\" src=\"https:\/\/vipflow.com\/fr\/wp-content\/plugins\/us-core\/assets\/images\/placeholder.svg\" width=\"1024\" height=\"1024\" alt><\/a><\/div><\/div><\/div><\/div><\/div><\/div><\/section><section class=\"l-section wpb_row height_small\"><div class=\"l-section-h i-cf\"><div class=\"g-cols vc_row via_flex valign_top type_default stacking_default\"><div class=\"vc_col-sm-12 wpb_column vc_column_container\"><div class=\"vc_column-inner\"><div class=\"wpb_wrapper\"><div class=\"wpb_text_column\"><div class=\"wpb_wrapper\"><h3>Wanderlust<\/h3>\n<p>Notre service phare.Nous nous surpassons pour nos clients en organisant une exp\u00e9rience de voyage personnalis\u00e9e, inspir\u00e9e par vous. Nous construisons des vacances totalement sur mesure, con\u00e7ues pour surprendre, ravir et impressionner.<\/p>\n<\/div><\/div><div class=\"w-separator size_small\"><\/div><div class=\"w-btn-wrapper align_none\"><a class=\"w-btn us-btn-style_1\" href=\"#enquire\"><span class=\"w-btn-label\">Demande de renseignements<\/span><\/a><\/div><div class=\"w-separator size_small\"><\/div><div class=\"w-image us_custom_9cf479d2 align_none\"><a href=\"#enquire\" aria-label=\"Link\" class=\"w-image-h\"><img class=\"g-placeholder\" src=\"https:\/\/vipflow.com\/fr\/wp-content\/plugins\/us-core\/assets\/images\/placeholder.svg\" width=\"1024\" height=\"1024\" alt><\/a><\/div><\/div><\/div><\/div><\/div><\/div><\/section><section class=\"l-section wpb_row height_small\" id=\"enquire\"><div class=\"l-section-h i-cf\"><div class=\"g-cols vc_row via_flex valign_top type_default stacking_default\"><div class=\"vc_col-sm-12 wpb_column vc_column_container\"><div class=\"vc_column-inner\"><div class=\"wpb_wrapper\"><div class=\"wpb_text_column\"><div class=\"wpb_wrapper\"><h2>Demande de renseignements<\/h2>\n<\/div><\/div><div class=\"w-btn-wrapper align_none\"><a class=\"w-btn us-btn-style_1 icon_atleft\" href=\"#\"><i class=\"fab fa-whatsapp\"><\/i><span class=\"w-btn-label\">via Whatsapp<\/span><\/a><\/div><div class=\"w-btn-wrapper align_none\"><a class=\"w-btn us-btn-style_1 icon_atleft\" href=\"#\"><i class=\"far fa-envelope\"><\/i><span class=\"w-btn-label\">par courrier \u00e9lectronique<\/span><\/a><\/div><\/div><\/div><\/div><\/div><\/div><\/section>\n","protected":false},"excerpt":{"rendered":"Le groupe de conciergerie n\u00b01 dans le monde Le service de conciergerie et l&#8217;adh\u00e9sion n\u00b01 au mondeB\u00e9n\u00e9ficiez d&#8217;un gestionnaire de style de vie personnel, de privil\u00e8ges exclusifs, d&#8217;un acc\u00e8s unique et personnalis\u00e9, d&#8217;une couverture mondiale et d&#8217;exp\u00e9riences inoubliablesEt enfin &#8211; gagner du temps Demande de renseignementsD\u00e9couvrez nos services Nos services Plus qu&#8217;un simple service de...","protected":false},"author":1,"featured_media":0,"parent":0,"menu_order":0,"comment_status":"closed","ping_status":"closed","template":"","meta":{"inline_featured_image":false},"_links":{"self":[{"href":"https:\/\/vipflow.com\/fr\/wp-json\/wp\/v2\/pages\/6"}],"collection":[{"href":"https:\/\/vipflow.com\/fr\/wp-json\/wp\/v2\/pages"}],"about":[{"href":"https:\/\/vipflow.com\/fr\/wp-json\/wp\/v2\/types\/page"}],"author":[{"embeddable":true,"href":"https:\/\/vipflow.com\/fr\/wp-json\/wp\/v2\/users\/1"}],"replies":[{"embeddable":true,"href":"https:\/\/vipflow.com\/fr\/wp-json\/wp\/v2\/comments?post=6"}],"version-history":[{"count":2,"href":"https:\/\/vipflow.com\/fr\/wp-json\/wp\/v2\/pages\/6\/revisions"}],"predecessor-version":[{"id":20,"href":"https:\/\/vipflow.com\/fr\/wp-json\/wp\/v2\/pages\/6\/revisions\/20"}],"wp:attachment":[{"href":"https:\/\/vipflow.com\/fr\/wp-json\/wp\/v2\/media?parent=6"}],"curies":[{"name":"wp","href":"https:\/\/api.w.org\/{rel}","templated":true}]}}