{"id":5,"date":"2021-09-17T15:36:12","date_gmt":"2021-09-17T15:36:12","guid":{"rendered":"https:\/\/vipflow.com\/?page_id=1006"},"modified":"2021-12-17T17:08:11","modified_gmt":"2021-12-17T17:08:11","slug":"bottle-service-vip-table-bookings","status":"publish","type":"page","link":"https:\/\/vipflow.com\/fr\/bottle-service-vip-table-bookings\/","title":{"rendered":"Bottle Service + R\u00e9servations de tables VIP"},"content":{"rendered":"<section class=\"l-section wpb_row height_small\"><div class=\"l-section-h i-cf\"><div class=\"g-cols vc_row via_flex valign_top type_default stacking_default\"><div class=\"vc_col-sm-12 wpb_column vc_column_container\"><div class=\"vc_column-inner\"><div class=\"wpb_wrapper\"><div class=\"wpb_text_column\"><div class=\"wpb_wrapper\"><h1 style=\"text-align: left;\">Bottle Service + R\u00e9servations de tables Vip<\/h1>\n<p>Nous ne travaillons qu&#8217;avec un groupe restreint de clubs dans chaque ville. Choisissez votre ville. Choisissez votre club. Et nous ferons la r\u00e9servation id\u00e9ale pour vous.<\/p>\n\n<\/div><\/div><div class=\"w-image us_custom_9cf479d2 align_none\"><div class=\"w-image-h\"><img width=\"300\" height=\"100\" src=\"https:\/\/vipflow.com\/fr\/wp-content\/uploads\/2021\/12\/vipflow.png\" class=\"attachment-large size-large\" alt=\"\" decoding=\"async\" loading=\"lazy\" \/><\/div><\/div><\/div><\/div><\/div><\/div><\/div><\/section><section class=\"l-section wpb_row height_small\"><div class=\"l-section-h i-cf\"><div class=\"g-cols vc_row via_flex valign_top type_default stacking_default\"><div class=\"vc_col-sm-12 wpb_column vc_column_container\"><div class=\"vc_column-inner\"><div class=\"wpb_wrapper\"><div class=\"wpb_text_column\"><div class=\"wpb_wrapper\"><h2 style=\"text-align: left;\">O\u00f9 voulez-vous faire la f\u00eate ?<\/h2>\n<\/div><\/div><div class=\"w-grid type_grid layout_30 cols_4\" id=\"us_grid_1\" data-filterable=\"true\"><style>#us_grid_1 .w-grid-item{padding:1rem}#us_grid_1 .w-grid-list{margin:-1rem -1rem 1rem}.w-grid + #us_grid_1 .w-grid-list,.w-grid-none + #us_grid_1 .w-grid-list{margin-top:1rem}@media (max-width:1199px){#us_grid_1 .w-grid-item{width:33.3333%}}@media (max-width:899px){#us_grid_1 .w-grid-item{width:50%}}@media (max-width:599px){#us_grid_1 .w-grid-list{margin:0}#us_grid_1 .w-grid-item{width:100%;padding:0;margin-bottom:1rem}}.layout_30 .w-grid-item-h{}.layout_30 .usg_post_image_1{margin-bottom:0.5rem!important;border-radius:0.5rem!important}.layout_30 .usg_post_title_1{font-size:1rem!important}.layout_30 .usg_post_taxonomy_1{color:var(--color-header-top-bg)!important;font-size:0.7rem!important}<\/style><div class=\"w-grid-list\">\t<article class=\"w-grid-item size_1x1 post-41 us_portfolio type-us_portfolio status-publish has-post-thumbnail hentry us_portfolio_category-vip-table-booking us_portfolio_tag-paris\" data-id=\"41\">\r\n\t\t<div class=\"w-grid-item-h\">\r\n\t\t\t\t\t\t<div class=\"w-post-elm post_image usg_post_image_1 has_ratio\"><div style=\"padding-bottom:100%\"><\/div><a href=\"https:\/\/vipflow.com\/fr\/manko-club-paris-vip-table\/\" aria-label=\"Manko Club Paris\"><img width=\"246\" height=\"204\" src=\"https:\/\/vipflow.com\/fr\/wp-content\/uploads\/2021\/12\/manko-logo.jpeg\" class=\"attachment- size- wp-post-image\" alt=\"\" decoding=\"async\" loading=\"lazy\" \/><\/a><\/div><h3 class=\"w-post-elm post_title usg_post_title_1 entry-title color_link_inherit\"><a href=\"https:\/\/vipflow.com\/fr\/manko-club-paris-vip-table\/\">Manko Club Paris<\/a><\/h3><div class=\"w-post-elm post_taxonomy usg_post_taxonomy_1 has_text_color style_simple color_link_inherit\"><a class=\"term-2 term-vip-table-booking\" href=\"https:\/\/vipflow.com\/fr\/manko-club-paris-vip-table\/\">VIP Table Booking<\/a><\/div>\t\t<\/div>\r\n\t<\/article>\r\n\t<article class=\"w-grid-item size_1x1 post-43 us_portfolio type-us_portfolio status-publish has-post-thumbnail hentry us_portfolio_category-vip-table-booking us_portfolio_tag-paris\" data-id=\"43\">\r\n\t\t<div class=\"w-grid-item-h\">\r\n\t\t\t\t\t\t<div class=\"w-post-elm post_image usg_post_image_1 has_ratio\"><div style=\"padding-bottom:100%\"><\/div><a href=\"https:\/\/vipflow.com\/fr\/de-flower-paris-vip-table\/\" aria-label=\"De Flower Paris\"><img width=\"2048\" height=\"1365\" src=\"https:\/\/vipflow.com\/fr\/wp-content\/uploads\/2021\/12\/deflower.jpg\" class=\"attachment- size- wp-post-image\" alt=\"\" decoding=\"async\" loading=\"lazy\" srcset=\"https:\/\/vipflow.com\/fr\/wp-content\/uploads\/2021\/12\/deflower.jpg 2048w, https:\/\/vipflow.com\/fr\/wp-content\/uploads\/2021\/12\/deflower-300x200.jpg 300w, https:\/\/vipflow.com\/fr\/wp-content\/uploads\/2021\/12\/deflower-1024x683.jpg 1024w\" sizes=\"(max-width: 2048px) 100vw, 2048px\" \/><\/a><\/div><h3 class=\"w-post-elm post_title usg_post_title_1 entry-title color_link_inherit\"><a href=\"https:\/\/vipflow.com\/fr\/de-flower-paris-vip-table\/\">De Flower Paris<\/a><\/h3><div class=\"w-post-elm post_taxonomy usg_post_taxonomy_1 has_text_color style_simple color_link_inherit\"><a class=\"term-2 term-vip-table-booking\" href=\"https:\/\/vipflow.com\/fr\/de-flower-paris-vip-table\/\">VIP Table Booking<\/a><\/div>\t\t<\/div>\r\n\t<\/article>\r\n\t<article class=\"w-grid-item size_1x1 post-45 us_portfolio type-us_portfolio status-publish has-post-thumbnail hentry us_portfolio_category-vip-table-booking us_portfolio_tag-paris\" data-id=\"45\">\r\n\t\t<div class=\"w-grid-item-h\">\r\n\t\t\t\t\t\t<div class=\"w-post-elm post_image usg_post_image_1 has_ratio\"><div style=\"padding-bottom:100%\"><\/div><a href=\"https:\/\/vipflow.com\/fr\/cova-paris-vip-table\/\" aria-label=\"Cova Paris\"><img width=\"960\" height=\"960\" src=\"https:\/\/vipflow.com\/fr\/wp-content\/uploads\/2021\/12\/cova.jpg\" class=\"attachment- size- wp-post-image\" alt=\"\" decoding=\"async\" loading=\"lazy\" srcset=\"https:\/\/vipflow.com\/fr\/wp-content\/uploads\/2021\/12\/cova.jpg 960w, https:\/\/vipflow.com\/fr\/wp-content\/uploads\/2021\/12\/cova-300x300.jpg 300w, https:\/\/vipflow.com\/fr\/wp-content\/uploads\/2021\/12\/cova-150x150.jpg 150w\" sizes=\"(max-width: 960px) 100vw, 960px\" \/><\/a><\/div><h3 class=\"w-post-elm post_title usg_post_title_1 entry-title color_link_inherit\"><a href=\"https:\/\/vipflow.com\/fr\/cova-paris-vip-table\/\">Cova Paris<\/a><\/h3><div class=\"w-post-elm post_taxonomy usg_post_taxonomy_1 has_text_color style_simple color_link_inherit\"><a class=\"term-2 term-vip-table-booking\" href=\"https:\/\/vipflow.com\/fr\/cova-paris-vip-table\/\">VIP Table Booking<\/a><\/div>\t\t<\/div>\r\n\t<\/article>\r\n\t<article class=\"w-grid-item size_1x1 post-47 us_portfolio type-us_portfolio status-publish has-post-thumbnail hentry us_portfolio_category-vip-table-booking us_portfolio_tag-paris\" data-id=\"47\">\r\n\t\t<div class=\"w-grid-item-h\">\r\n\t\t\t\t\t\t<div class=\"w-post-elm post_image usg_post_image_1 has_ratio\"><div style=\"padding-bottom:100%\"><\/div><a href=\"https:\/\/vipflow.com\/fr\/sanctum-paris-vip-table\/\" aria-label=\"Sanctum Paris\"><img width=\"150\" height=\"150\" src=\"https:\/\/vipflow.com\/fr\/wp-content\/uploads\/2021\/12\/sanctumparis.webp\" class=\"attachment- size- wp-post-image\" alt=\"\" decoding=\"async\" loading=\"lazy\" \/><\/a><\/div><h3 class=\"w-post-elm post_title usg_post_title_1 entry-title color_link_inherit\"><a href=\"https:\/\/vipflow.com\/fr\/sanctum-paris-vip-table\/\">Sanctum Paris<\/a><\/h3><div class=\"w-post-elm post_taxonomy usg_post_taxonomy_1 has_text_color style_simple color_link_inherit\"><a class=\"term-2 term-vip-table-booking\" href=\"https:\/\/vipflow.com\/fr\/sanctum-paris-vip-table\/\">VIP Table Booking<\/a><\/div>\t\t<\/div>\r\n\t<\/article>\r\n\t<article class=\"w-grid-item size_1x1 post-49 us_portfolio type-us_portfolio status-publish has-post-thumbnail hentry us_portfolio_category-vip-table-booking us_portfolio_tag-paris\" data-id=\"49\">\r\n\t\t<div class=\"w-grid-item-h\">\r\n\t\t\t\t\t\t<div class=\"w-post-elm post_image usg_post_image_1 has_ratio\"><div style=\"padding-bottom:100%\"><\/div><a href=\"https:\/\/vipflow.com\/fr\/azur-paris-vip-table\/\" aria-label=\"Azur Paris\"><img width=\"150\" height=\"150\" src=\"https:\/\/vipflow.com\/fr\/wp-content\/uploads\/2021\/12\/azurparis.jpg\" class=\"attachment- size- wp-post-image\" alt=\"\" decoding=\"async\" loading=\"lazy\" \/><\/a><\/div><h3 class=\"w-post-elm post_title usg_post_title_1 entry-title color_link_inherit\"><a href=\"https:\/\/vipflow.com\/fr\/azur-paris-vip-table\/\">Azur Paris<\/a><\/h3><div class=\"w-post-elm post_taxonomy usg_post_taxonomy_1 has_text_color style_simple color_link_inherit\"><a class=\"term-2 term-vip-table-booking\" href=\"https:\/\/vipflow.com\/fr\/azur-paris-vip-table\/\">VIP Table Booking<\/a><\/div>\t\t<\/div>\r\n\t<\/article>\r\n\t<article class=\"w-grid-item size_1x1 post-51 us_portfolio type-us_portfolio status-publish has-post-thumbnail hentry us_portfolio_category-vip-table-booking us_portfolio_tag-paris\" data-id=\"51\">\r\n\t\t<div class=\"w-grid-item-h\">\r\n\t\t\t\t\t\t<div class=\"w-post-elm post_image usg_post_image_1 has_ratio\"><div style=\"padding-bottom:100%\"><\/div><a href=\"https:\/\/vipflow.com\/fr\/chateau-paris-vip-table\/\" aria-label=\"Ch\u00e2teau de Paris\"><img width=\"150\" height=\"75\" src=\"https:\/\/vipflow.com\/fr\/wp-content\/uploads\/2021\/12\/castle-club-paris-logo.webp\" class=\"attachment- size- wp-post-image\" alt=\"\" decoding=\"async\" loading=\"lazy\" \/><\/a><\/div><h3 class=\"w-post-elm post_title usg_post_title_1 entry-title color_link_inherit\"><a href=\"https:\/\/vipflow.com\/fr\/chateau-paris-vip-table\/\">Ch\u00e2teau de Paris<\/a><\/h3><div class=\"w-post-elm post_taxonomy usg_post_taxonomy_1 has_text_color style_simple color_link_inherit\"><a class=\"term-2 term-vip-table-booking\" href=\"https:\/\/vipflow.com\/fr\/chateau-paris-vip-table\/\">VIP Table Booking<\/a><\/div>\t\t<\/div>\r\n\t<\/article>\r\n\t<article class=\"w-grid-item size_1x1 post-52 us_portfolio type-us_portfolio status-publish has-post-thumbnail hentry us_portfolio_category-vip-table-booking us_portfolio_tag-paris\" data-id=\"52\">\r\n\t\t<div class=\"w-grid-item-h\">\r\n\t\t\t\t\t\t<div class=\"w-post-elm post_image usg_post_image_1 has_ratio\"><div style=\"padding-bottom:100%\"><\/div><a href=\"https:\/\/vipflow.com\/fr\/le-milliardaire-paris-vip-table\/\" aria-label=\"Le Milliardaire Paris\"><img width=\"150\" height=\"75\" src=\"https:\/\/vipflow.com\/fr\/wp-content\/uploads\/2021\/12\/LE-MILLIAREDAIRE-LOGO.webp\" class=\"attachment- size- wp-post-image\" alt=\"\" decoding=\"async\" loading=\"lazy\" \/><\/a><\/div><h3 class=\"w-post-elm post_title usg_post_title_1 entry-title color_link_inherit\"><a href=\"https:\/\/vipflow.com\/fr\/le-milliardaire-paris-vip-table\/\">Le Milliardaire Paris<\/a><\/h3><div class=\"w-post-elm post_taxonomy usg_post_taxonomy_1 has_text_color style_simple color_link_inherit\"><a class=\"term-2 term-vip-table-booking\" href=\"https:\/\/vipflow.com\/fr\/le-milliardaire-paris-vip-table\/\">VIP Table Booking<\/a><\/div>\t\t<\/div>\r\n\t<\/article>\r\n\t<article class=\"w-grid-item size_1x1 post-55 us_portfolio type-us_portfolio status-publish has-post-thumbnail hentry us_portfolio_category-vip-table-booking us_portfolio_tag-paris\" data-id=\"55\">\r\n\t\t<div class=\"w-grid-item-h\">\r\n\t\t\t\t\t\t<div class=\"w-post-elm post_image usg_post_image_1 has_ratio\"><div style=\"padding-bottom:100%\"><\/div><a href=\"https:\/\/vipflow.com\/fr\/boum-boum-paris-vip-table\/\" aria-label=\"Boum Boum Paris\"><img width=\"150\" height=\"150\" src=\"https:\/\/vipflow.com\/fr\/wp-content\/uploads\/2021\/12\/boumboumlogo.webp\" class=\"attachment- size- wp-post-image\" alt=\"\" decoding=\"async\" loading=\"lazy\" \/><\/a><\/div><h3 class=\"w-post-elm post_title usg_post_title_1 entry-title color_link_inherit\"><a href=\"https:\/\/vipflow.com\/fr\/boum-boum-paris-vip-table\/\">Boum Boum Paris<\/a><\/h3><div class=\"w-post-elm post_taxonomy usg_post_taxonomy_1 has_text_color style_simple color_link_inherit\"><a class=\"term-2 term-vip-table-booking\" href=\"https:\/\/vipflow.com\/fr\/boum-boum-paris-vip-table\/\">VIP Table Booking<\/a><\/div>\t\t<\/div>\r\n\t<\/article>\r\n\t<article class=\"w-grid-item size_1x1 post-57 us_portfolio type-us_portfolio status-publish has-post-thumbnail hentry us_portfolio_category-vip-table-booking us_portfolio_tag-paris\" data-id=\"57\">\r\n\t\t<div class=\"w-grid-item-h\">\r\n\t\t\t\t\t\t<div class=\"w-post-elm post_image usg_post_image_1 has_ratio\"><div style=\"padding-bottom:100%\"><\/div><a href=\"https:\/\/vipflow.com\/fr\/le-baron-paris-vip-table\/\" aria-label=\"Le Baron Paris\"><img width=\"150\" height=\"150\" src=\"https:\/\/vipflow.com\/fr\/wp-content\/uploads\/2021\/12\/lebaronlogo-1.webp\" class=\"attachment- size- wp-post-image\" alt=\"\" decoding=\"async\" loading=\"lazy\" \/><\/a><\/div><h3 class=\"w-post-elm post_title usg_post_title_1 entry-title color_link_inherit\"><a href=\"https:\/\/vipflow.com\/fr\/le-baron-paris-vip-table\/\">Le Baron Paris<\/a><\/h3><div class=\"w-post-elm post_taxonomy usg_post_taxonomy_1 has_text_color style_simple color_link_inherit\"><a class=\"term-2 term-vip-table-booking\" href=\"https:\/\/vipflow.com\/fr\/le-baron-paris-vip-table\/\">VIP Table Booking<\/a><\/div>\t\t<\/div>\r\n\t<\/article>\r\n\t<article class=\"w-grid-item size_1x1 post-59 us_portfolio type-us_portfolio status-publish has-post-thumbnail hentry us_portfolio_category-vip-table-booking us_portfolio_tag-paris\" data-id=\"59\">\r\n\t\t<div class=\"w-grid-item-h\">\r\n\t\t\t\t\t\t<div class=\"w-post-elm post_image usg_post_image_1 has_ratio\"><div style=\"padding-bottom:100%\"><\/div><a href=\"https:\/\/vipflow.com\/fr\/le-yoyo-paris-vip-table\/\" aria-label=\"Le Yoyo Paris\"><img width=\"150\" height=\"150\" src=\"https:\/\/vipflow.com\/fr\/wp-content\/uploads\/2021\/12\/leyoyoparis.webp\" class=\"attachment- size- wp-post-image\" alt=\"\" decoding=\"async\" loading=\"lazy\" \/><\/a><\/div><h3 class=\"w-post-elm post_title usg_post_title_1 entry-title color_link_inherit\"><a href=\"https:\/\/vipflow.com\/fr\/le-yoyo-paris-vip-table\/\">Le Yoyo Paris<\/a><\/h3><div class=\"w-post-elm post_taxonomy usg_post_taxonomy_1 has_text_color style_simple color_link_inherit\"><a class=\"term-2 term-vip-table-booking\" href=\"https:\/\/vipflow.com\/fr\/le-yoyo-paris-vip-table\/\">VIP Table Booking<\/a><\/div>\t\t<\/div>\r\n\t<\/article>\r\n\t<article class=\"w-grid-item size_1x1 post-61 us_portfolio type-us_portfolio status-publish has-post-thumbnail hentry us_portfolio_category-vip-table-booking us_portfolio_tag-paris\" data-id=\"61\">\r\n\t\t<div class=\"w-grid-item-h\">\r\n\t\t\t\t\t\t<div class=\"w-post-elm post_image usg_post_image_1 has_ratio\"><div style=\"padding-bottom:100%\"><\/div><a href=\"https:\/\/vipflow.com\/fr\/bagatelle-paris-vip-table\/\" aria-label=\"Bagatelle Paris\"><img width=\"150\" height=\"150\" src=\"https:\/\/vipflow.com\/fr\/wp-content\/uploads\/2021\/12\/bagateleparislogo.webp\" class=\"attachment- size- wp-post-image\" alt=\"\" decoding=\"async\" loading=\"lazy\" \/><\/a><\/div><h3 class=\"w-post-elm post_title usg_post_title_1 entry-title color_link_inherit\"><a href=\"https:\/\/vipflow.com\/fr\/bagatelle-paris-vip-table\/\">Bagatelle Paris<\/a><\/h3><div class=\"w-post-elm post_taxonomy usg_post_taxonomy_1 has_text_color style_simple color_link_inherit\"><a class=\"term-2 term-vip-table-booking\" href=\"https:\/\/vipflow.com\/fr\/bagatelle-paris-vip-table\/\">VIP Table Booking<\/a><\/div>\t\t<\/div>\r\n\t<\/article>\r\n\t<article class=\"w-grid-item size_1x1 post-63 us_portfolio type-us_portfolio status-publish has-post-thumbnail hentry us_portfolio_category-vip-table-booking us_portfolio_tag-paris\" data-id=\"63\">\r\n\t\t<div class=\"w-grid-item-h\">\r\n\t\t\t\t\t\t<div class=\"w-post-elm post_image usg_post_image_1 has_ratio\"><div style=\"padding-bottom:100%\"><\/div><a href=\"https:\/\/vipflow.com\/fr\/palais-maillot-paris-vip-table\/\" aria-label=\"Palais Maillot Paris\"><img width=\"150\" height=\"150\" src=\"https:\/\/vipflow.com\/fr\/wp-content\/uploads\/2021\/12\/palaismaillotlogo.webp\" class=\"attachment- size- wp-post-image\" alt=\"\" decoding=\"async\" loading=\"lazy\" \/><\/a><\/div><h3 class=\"w-post-elm post_title usg_post_title_1 entry-title color_link_inherit\"><a href=\"https:\/\/vipflow.com\/fr\/palais-maillot-paris-vip-table\/\">Palais Maillot Paris<\/a><\/h3><div class=\"w-post-elm post_taxonomy usg_post_taxonomy_1 has_text_color style_simple color_link_inherit\"><a class=\"term-2 term-vip-table-booking\" href=\"https:\/\/vipflow.com\/fr\/palais-maillot-paris-vip-table\/\">VIP Table Booking<\/a><\/div>\t\t<\/div>\r\n\t<\/article>\r\n<\/div><div class=\"w-grid-preloader\"><div class=\"g-preloader type_1\">\r\n\t<div><\/div>\r\n<\/div>\r\n<\/div>\t\t<div class=\"g-loadmore \">\r\n\t\t\t<div class=\"g-preloader type_1\">\r\n\t\t\t\t<div><\/div>\r\n\t\t\t<\/div>\r\n\t\t\t<button class=\"w-btn us-btn-style_1\">\r\n\t\t\t\t<span class=\"w-btn-label\">Load More<\/span>\r\n\t\t\t<\/button>\r\n\t\t<\/div>\r\n\t\t\t<div class=\"w-grid-json hidden\" onclick='return {&quot;action&quot;:&quot;us_ajax_grid&quot;,&quot;ajax_url&quot;:&quot;https:\\\/\\\/vipflow.com\\\/fr\\\/wp-admin\\\/admin-ajax.php&quot;,&quot;infinite_scroll&quot;:0,&quot;max_num_pages&quot;:2,&quot;pagination&quot;:&quot;ajax&quot;,&quot;permalink_url&quot;:&quot;https:\\\/\\\/vipflow.com\\\/fr\\\/wp-json\\\/wp\\\/v2\\\/pages\\\/5&quot;,&quot;template_vars&quot;:{&quot;columns&quot;:&quot;4&quot;,&quot;exclude_items&quot;:&quot;none&quot;,&quot;img_size&quot;:&quot;default&quot;,&quot;ignore_items_size&quot;:0,&quot;items_layout&quot;:&quot;30&quot;,&quot;items_offset&quot;:&quot;1&quot;,&quot;load_animation&quot;:&quot;none&quot;,&quot;overriding_link&quot;:&quot;none&quot;,&quot;post_id&quot;:5,&quot;query_args&quot;:{&quot;post_type&quot;:[&quot;us_portfolio&quot;],&quot;tax_query&quot;:[{&quot;taxonomy&quot;:&quot;us_portfolio_category&quot;,&quot;field&quot;:&quot;slug&quot;,&quot;terms&quot;:[&quot;vip-table-booking&quot;]}],&quot;post_status&quot;:[&quot;publish&quot;],&quot;posts_per_page&quot;:&quot;12&quot;},&quot;orderby_query_args&quot;:{&quot;orderby&quot;:{&quot;date&quot;:&quot;DESC&quot;}},&quot;type&quot;:&quot;grid&quot;,&quot;us_grid_ajax_index&quot;:1,&quot;us_grid_filter_params&quot;:null,&quot;us_grid_index&quot;:1,&quot;_us_grid_post_type&quot;:&quot;us_portfolio&quot;}}'><\/div>\r\n\t<\/div><\/div><\/div><\/div><\/div><\/div><\/section><section class=\"l-section wpb_row height_small\"><div class=\"l-section-h i-cf\"><div class=\"g-cols vc_row via_flex valign_top type_default stacking_default\"><div class=\"vc_col-sm-12 wpb_column vc_column_container\"><div class=\"vc_column-inner\"><div class=\"wpb_wrapper\"><div class=\"wpb_text_column\"><div class=\"wpb_wrapper\"><h2 style=\"text-align: left;\">Qu&#8217;est-ce que le Bottle Service ?<\/h2>\n<\/div><\/div><\/div><\/div><\/div><\/div><\/div><\/section><section class=\"l-section wpb_row height_small\"><div class=\"l-section-h i-cf\"><div class=\"g-cols vc_row via_flex valign_top type_default stacking_default\"><div class=\"vc_col-sm-12 wpb_column vc_column_container\"><div class=\"vc_column-inner\"><div class=\"wpb_wrapper\"><div class=\"wpb_text_column\"><div class=\"wpb_wrapper\"><h2 style=\"text-align: left;\">Qu&#8217;est-ce qu&#8217;une table VIP ?<\/h2>\n<\/div><\/div><\/div><\/div><\/div><\/div><\/div><\/section><section class=\"l-section wpb_row height_small\"><div class=\"l-section-h i-cf\"><div class=\"g-cols vc_row via_flex valign_top type_default stacking_default\"><div class=\"vc_col-sm-12 wpb_column vc_column_container\"><div class=\"vc_column-inner\"><div class=\"wpb_wrapper\"><div class=\"wpb_text_column\"><div class=\"wpb_wrapper\"><h2 style=\"text-align: left;\">Questions fr\u00e9quemment pos\u00e9es<\/h2>\n<h4>Quel est le code vestimentaire VIP ?<\/h4>\n<p>Vous devez avoir l&#8217;air de voler dans une bo\u00eete de nuit VIP, que vous soyez un homme ou une femme. Il devient assez difficile pour chaque sexe de choisir ce qu&#8217;il faut porter pour aller dans les meilleures bo\u00eetes de nuit VIP. Il est conseill\u00e9 aux femmes de porter des robes courtes avec des talons. Les hommes sont invit\u00e9s \u00e0 porter une chemise \u00e0 col, un pantalon de ville et des chaussures de ville. Selon la ville, le club, la nuit et la saison, le code vestimentaire est parfois flexible. Je vous recommande donc de nous laisser vous informer sur ce qui est acceptable pour la soir\u00e9e que vous pr\u00e9voyez de passer. Parfois, les shorts sont acceptables avec les bonnes chaussures. Parfois, les chapeaux ne sont pas autoris\u00e9s. Certains endroits n&#8217;autorisent pas les T-shirts certains soirs. Etc, etc.N&#8217;h\u00e9sitez pas \u00e0 envoyer \u00e0 nos h\u00f4tes une photo du groupe et nous pourrons vous aider en vous donnant des conseils pour vous assurer d&#8217;\u00eatre admis!Pour certaines bo\u00eetes de nuit VIP, nous avons un code vestimentaire plus pr\u00e9cis pour les VIP si nous faisons confiance aux videurs pour le respecter.<\/p>\n<h4>Qu&#8217;est-ce qui est inclus dans ma r\u00e9servation de service de bouteilles ?<\/h4>\n<p>Une r\u00e9servation de service de bouteilles comprend de nombreuses commodit\u00e9s et protocoles pour les VIP. Voici quelques-unes des choses qui sont incluses dans la r\u00e9servation du service de bouteilles :<\/p>\n<ul>\n<li>Une entr\u00e9e h\u00e9berg\u00e9e<\/li>\n<li>Tous les frais de couverture (la plupart des villes)<\/li>\n<li>Tous les pourboires et taxes (la plupart des villes)<\/li>\n<li>Co\u00fbt des bouteilles<\/li>\n<li>Co\u00fbt de la table pour une nuit<\/li>\n<li>Une serveuse de cocktails<\/li>\n<li>Garde de s\u00e9curit\u00e9<\/li>\n<li>Service client\u00e8le VIP<\/li>\n<\/ul>\n<h4>Puis-je avoir une shisha avec ma d\u00e9pense?<\/h4>\n<p>Presque toutes les bo\u00eetes de nuit proposent des services de shisha pour les VIP. Vous devez demander au contact de l&#8217;h\u00f4te la disponibilit\u00e9 du service de shisha dans sa bo\u00eete de nuit. Mais presque toujours oui!!<\/p>\n<h4>Qu&#8217;est-ce qu&#8217;une d\u00e9pense minimale et comment fonctionne-t-elle ?<\/h4>\n<p>Chaque table VIP a une d\u00e9pense minimale. La d\u00e9pense minimale est le montant que vous devez d\u00e9penser en alcool pendant votre s\u00e9jour. Si la d\u00e9pense minimale pour une table est de 1000 $, vous devez payer ce montant \u00e0 la porte en entrant dans le club.Cela garantit ensuite une certaine table dans le club, les tables plus grandes et meilleures n\u00e9cessitant une d\u00e9pense minimale plus \u00e9lev\u00e9e. Cependant, les tables et les couvertures sont totalement gratuites. La totalit\u00e9 de la d\u00e9pense minimale est cr\u00e9dit\u00e9e sur les bouteilles que vous commandez ensuite.La d\u00e9pense minimale d&#8217;une table VIP varie d&#8217;une nuit \u00e0 l&#8217;autre en fonction de l&#8217;emplacement de la table, des jours f\u00e9ri\u00e9s, des jours de la semaine, de la nature des spectacles, des DJ de renom et du nombre de personnes.<\/p>\n<h4>Ce qui se passe quand on arrive au club?<\/h4>\n<p>Les invit\u00e9s VIP sont pris en charge par la s\u00e9curit\u00e9 ou les repr\u00e9sentants du club \u00e0 leur arriv\u00e9e \u00e0 la porte. Ils ne doivent pas faire la queue pour entrer dans le club. Il est conseill\u00e9 de se munir d&#8217;une pi\u00e8ce d&#8217;identit\u00e9, de respecter le code vestimentaire et de venir au bon moment. Le repr\u00e9sentant du club vous conduira \u00e0 votre table si vous avez r\u00e9serv\u00e9 une table VIP avec nous. Vous recevrez les boissons sur votre table, une serveuse vous servira toute la nuit et du personnel de s\u00e9curit\u00e9 vous gardera.<\/p>\n<h4>Les pourboires, les taxes et les suppl\u00e9ments sont-ils inclus ?<\/h4>\n<p>Dans la plupart des cas, les pourboires, les taxes et les suppl\u00e9ments sont compris dans les frais de r\u00e9servation. Dans certaines villes, notamment aux \u00c9tats-Unis et \u00e0 Londres, ils seront ajout\u00e9s \u00e0 la facture finale. Dans ce cas, laissez une marge suppl\u00e9mentaire de 20 % pour les pourboires et les taxes.<\/p>\n<h4>Pouvez-vous m&#8217;envoyer le menu des bouteilles?<\/h4>\n<p>Absolument! Nous avons des menus de bouteilles disponibles pour toutes les bo\u00eetes de nuit avec lesquelles nous travaillons, il suffit de demander \u00e0 notre h\u00f4te de vous les envoyer afin que vous puissiez avoir une id\u00e9e de la d\u00e9pense minimale que vous souhaitez r\u00e9server. Il existe des offres premium pour votre r\u00e9servation qui vous permettent de b\u00e9n\u00e9ficier de forfaits bouteilles et de spectacles le soir m\u00eame.<\/p>\n<h4>Pouvez-vous m&#8217;envoyer le plan des tables et puis-je choisir une table sp\u00e9cifique ?<\/h4>\n<p>Oui, vous pouvez choisir une table sp\u00e9cifique pour vous ou votre groupe en regardant le plan des tables. Chaque table a ses propres d\u00e9penses minimales. Vous pouvez choisir la table dont le montant minimum de d\u00e9penses et le lieu conviennent le mieux \u00e0 votre soir\u00e9e. Toutefois, certains clubs n&#8217;autorisent pas le choix de tables sp\u00e9cifiques pour les d\u00e9penses minimales inf\u00e9rieures. Cependant, soyez assur\u00e9 que nos h\u00f4tes feront de leur mieux pour vous obtenir la meilleure table possible pour le prix.<\/p>\n<\/div><\/div><\/div><\/div><\/div><\/div><\/div><\/section>\n","protected":false},"excerpt":{"rendered":"PALAIS MAILLOT PARIS Service de table et de bouteille VIP Options de r\u00e9servation : via Whatsapppar courrier \u00e9lectroniqueComment cela fonctionne : \u00c9tape 1 Trouver l&#8217;information. sur le club dans lequel vous souhaitez r\u00e9server sur notre site. \u00c9tape 2 Contactez le responsable VIP du club par Whatsapp, message, appel ou courriel. Vous verrez les options disponibles...","protected":false},"author":1,"featured_media":0,"parent":0,"menu_order":0,"comment_status":"closed","ping_status":"closed","template":"","meta":{"inline_featured_image":false},"_links":{"self":[{"href":"https:\/\/vipflow.com\/fr\/wp-json\/wp\/v2\/pages\/5"}],"collection":[{"href":"https:\/\/vipflow.com\/fr\/wp-json\/wp\/v2\/pages"}],"about":[{"href":"https:\/\/vipflow.com\/fr\/wp-json\/wp\/v2\/types\/page"}],"author":[{"embeddable":true,"href":"https:\/\/vipflow.com\/fr\/wp-json\/wp\/v2\/users\/1"}],"replies":[{"embeddable":true,"href":"https:\/\/vipflow.com\/fr\/wp-json\/wp\/v2\/comments?post=5"}],"version-history":[{"count":5,"href":"https:\/\/vipflow.com\/fr\/wp-json\/wp\/v2\/pages\/5\/revisions"}],"predecessor-version":[{"id":276,"href":"https:\/\/vipflow.com\/fr\/wp-json\/wp\/v2\/pages\/5\/revisions\/276"}],"wp:attachment":[{"href":"https:\/\/vipflow.com\/fr\/wp-json\/wp\/v2\/media?parent=5"}],"curies":[{"name":"wp","href":"https:\/\/api.w.org\/{rel}","templated":true}]}}