{"id":11,"date":"2021-11-25T08:40:29","date_gmt":"2021-11-25T08:40:29","guid":{"rendered":"https:\/\/vipflow.com\/?page_id=4041"},"modified":"2021-12-12T08:35:35","modified_gmt":"2021-12-12T08:35:35","slug":"envie-de-voyager","status":"publish","type":"page","link":"https:\/\/vipflow.com\/fr\/envie-de-voyager\/","title":{"rendered":"Wanderlust"},"content":{"rendered":"<section class=\"l-section wpb_row height_small\"><div class=\"l-section-h i-cf\"><div class=\"g-cols vc_row via_flex valign_top type_default stacking_default\"><div class=\"vc_col-sm-12 wpb_column vc_column_container\"><div class=\"vc_column-inner\"><div class=\"wpb_wrapper\"><div class=\"wpb_text_column\"><div class=\"wpb_wrapper\"><h1>Wanderlust par Vipflow<\/h1>\n<\/div><\/div><div class=\"w-separator size_small\"><\/div><div class=\"w-image us_custom_213e151c align_none\"><div class=\"w-image-h\"><img class=\"g-placeholder\" src=\"https:\/\/vipflow.com\/fr\/wp-content\/plugins\/us-core\/assets\/images\/placeholder.svg\" width=\"\" height=\"\" alt><\/div><\/div><div class=\"w-separator size_small\"><\/div><div class=\"wpb_text_column\"><div class=\"wpb_wrapper\"><p>Notre service phare.Nous nous surpassons pour nos clients en organisant une exp\u00e9rience de voyage personnalis\u00e9e, inspir\u00e9e par vous. Nous construisons des vacances totalement sur mesure, con\u00e7ues pour surprendre, ravir et impressionner.\u00c9tape 1 :Enregistrez votre int\u00e9r\u00eat dans le formulaire ci-dessous. Par-dessus tout, nous exigerons une preuve de fonds pour nous assurer que nous pouvons offrir le meilleur du meilleur.\u00c9tape 2 :Si vous r\u00e9pondez \u00e0 nos crit\u00e8res minimums, nous vous contacterons par le biais de votre canal pr\u00e9f\u00e9r\u00e9 pour planifier un appel au cours duquel vous nous d\u00e9crirez votre voyage de r\u00eave. Aucune demande n&#8217;est trop farfelue.\u00c9tape 3 :Nous en faisons une r\u00e9alit\u00e9.<\/p>\n<\/div><\/div><\/div><\/div><\/div><\/div><\/div><\/section>\n","protected":false},"excerpt":{"rendered":"Wanderlust par Vipflow Notre service phare.Nous nous surpassons pour nos clients en organisant une exp\u00e9rience de voyage personnalis\u00e9e, inspir\u00e9e par vous. Nous construisons des vacances totalement sur mesure, con\u00e7ues pour surprendre, ravir et impressionner.\u00c9tape 1 :Enregistrez votre int\u00e9r\u00eat dans le formulaire ci-dessous. Par-dessus tout, nous exigerons une preuve de fonds pour nous assurer que nous...","protected":false},"author":1,"featured_media":0,"parent":0,"menu_order":0,"comment_status":"closed","ping_status":"closed","template":"","meta":{"inline_featured_image":false},"_links":{"self":[{"href":"https:\/\/vipflow.com\/fr\/wp-json\/wp\/v2\/pages\/11"}],"collection":[{"href":"https:\/\/vipflow.com\/fr\/wp-json\/wp\/v2\/pages"}],"about":[{"href":"https:\/\/vipflow.com\/fr\/wp-json\/wp\/v2\/types\/page"}],"author":[{"embeddable":true,"href":"https:\/\/vipflow.com\/fr\/wp-json\/wp\/v2\/users\/1"}],"replies":[{"embeddable":true,"href":"https:\/\/vipflow.com\/fr\/wp-json\/wp\/v2\/comments?post=11"}],"version-history":[{"count":3,"href":"https:\/\/vipflow.com\/fr\/wp-json\/wp\/v2\/pages\/11\/revisions"}],"predecessor-version":[{"id":37,"href":"https:\/\/vipflow.com\/fr\/wp-json\/wp\/v2\/pages\/11\/revisions\/37"}],"wp:attachment":[{"href":"https:\/\/vipflow.com\/fr\/wp-json\/wp\/v2\/media?parent=11"}],"curies":[{"name":"wp","href":"https:\/\/api.w.org\/{rel}","templated":true}]}}