{"id":7,"date":"2021-09-10T13:51:17","date_gmt":"2021-09-10T13:51:17","guid":{"rendered":"https:\/\/vipflow.com\/?page_id=263"},"modified":"2021-10-13T09:55:50","modified_gmt":"2021-10-13T09:55:50","slug":"mapa-del-sitio","status":"publish","type":"page","link":"https:\/\/vipflow.com\/es\/mapa-del-sitio\/","title":{"rendered":"Mapa del sitio"},"content":{"rendered":"<section class=\"l-section wpb_row height_small\"><div class=\"l-section-h i-cf\"><div class=\"g-cols vc_row via_flex valign_top type_default stacking_default\"><div class=\"vc_col-sm-12 wpb_column vc_column_container\"><div class=\"vc_column-inner\"><div class=\"wpb_wrapper\"><div class=\"wpb_text_column\"><div class=\"wpb_wrapper\"><h1>Mapa del sitio<\/h1>\n<h3>Todas las p\u00e1ginas:<\/h3>\n<\/div><\/div><div class=\"w-grid type_grid layout_blog_3 cols_3\" id=\"us_grid_1\" data-filterable=\"true\"><style>#us_grid_1 .w-grid-item{padding:1.5rem}#us_grid_1 .w-grid-list{margin:-1.5rem}.w-grid + #us_grid_1 .w-grid-list,.w-grid-none + #us_grid_1 .w-grid-list{margin-top:1.5rem}@media (max-width:899px){#us_grid_1 .w-grid-item{width:50%}}@media (max-width:599px){#us_grid_1 .w-grid-list{margin:0}#us_grid_1 .w-grid-item{width:100%;padding:0;margin-bottom:1.5rem}}.layout_blog_3 .w-grid-item-h{}<\/style><div class=\"w-grid-list\">\t<article class=\"w-grid-item size_1x1 post-1423 page type-page status-publish hentry\" data-id=\"1423\">\r\n\t\t<div class=\"w-grid-item-h\">\r\n\t\t\t\t\t\t<div class=\"w-post-elm post_title usg_post_title_1 entry-title color_link_inherit\"><a href=\"https:\/\/vipflow.com\/es\/alcohol-de-lujo\/\">Alcohol de lujo<\/a><\/div>\t\t<\/div>\r\n\t<\/article>\r\n\t<article class=\"w-grid-item size_1x1 post-1422 page type-page status-publish hentry\" data-id=\"1422\">\r\n\t\t<div class=\"w-grid-item-h\">\r\n\t\t\t\t\t\t<div class=\"w-post-elm post_title usg_post_title_1 entry-title color_link_inherit\"><a href=\"https:\/\/vipflow.com\/es\/concierge-by-vipflow\/\">Concierge by Vipflow<\/a><\/div>\t\t<\/div>\r\n\t<\/article>\r\n\t<article class=\"w-grid-item size_1x1 post-1425 page type-page status-publish hentry\" data-id=\"1425\">\r\n\t\t<div class=\"w-grid-item-h\">\r\n\t\t\t\t\t\t<div class=\"w-post-elm post_title usg_post_title_1 entry-title color_link_inherit\"><a href=\"https:\/\/vipflow.com\/es\/wanderlust\/\">Wanderlust<\/a><\/div>\t\t<\/div>\r\n\t<\/article>\r\n\t<article class=\"w-grid-item size_1x1 post-1424 page type-page status-publish hentry\" data-id=\"1424\">\r\n\t\t<div class=\"w-grid-item-h\">\r\n\t\t\t\t\t\t<div class=\"w-post-elm post_title usg_post_title_1 entry-title color_link_inherit\"><a href=\"https:\/\/vipflow.com\/es\/thanks-vip-table\/\">Gracias Mesa VIP<\/a><\/div>\t\t<\/div>\r\n\t<\/article>\r\n\t<article class=\"w-grid-item size_1x1 post-6 page type-page status-publish hentry\" data-id=\"6\">\r\n\t\t<div class=\"w-grid-item-h\">\r\n\t\t\t\t\t\t<div class=\"w-post-elm post_title usg_post_title_1 entry-title color_link_inherit\"><a href=\"https:\/\/vipflow.com\/es\/servicio-de-botella-vip-reservas-de-mesa\/\">Servicio de Botella + Reservas de Mesa VIP<\/a><\/div>\t\t<\/div>\r\n\t<\/article>\r\n\t<article class=\"w-grid-item size_1x1 post-7 page type-page status-publish hentry\" data-id=\"7\">\r\n\t\t<div class=\"w-grid-item-h\">\r\n\t\t\t\t\t\t<div class=\"w-post-elm post_title usg_post_title_1 entry-title color_link_inherit\"><a href=\"https:\/\/vipflow.com\/es\/mapa-del-sitio\/\">Mapa del sitio<\/a><\/div>\t\t<\/div>\r\n\t<\/article>\r\n\t<article class=\"w-grid-item size_1x1 post-4 page type-page status-publish hentry\" data-id=\"4\">\r\n\t\t<div class=\"w-grid-item-h\">\r\n\t\t\t\t\t\t<div class=\"w-post-elm post_title usg_post_title_1 entry-title color_link_inherit\"><a href=\"https:\/\/vipflow.com\/es\/\">Vipflow.com<\/a><\/div>\t\t<\/div>\r\n\t<\/article>\r\n<\/div><div class=\"w-grid-preloader\"><div class=\"g-preloader type_1\">\r\n\t<div><\/div>\r\n<\/div>\r\n<\/div>\t<div class=\"w-grid-json hidden\" onclick='return {&quot;action&quot;:&quot;us_ajax_grid&quot;,&quot;ajax_url&quot;:&quot;https:\\\/\\\/vipflow.com\\\/es\\\/wp-admin\\\/admin-ajax.php&quot;,&quot;infinite_scroll&quot;:0,&quot;max_num_pages&quot;:1,&quot;pagination&quot;:&quot;none&quot;,&quot;permalink_url&quot;:&quot;https:\\\/\\\/vipflow.com\\\/es\\\/wp-json\\\/wp\\\/v2\\\/pages\\\/7&quot;,&quot;template_vars&quot;:{&quot;columns&quot;:&quot;3&quot;,&quot;exclude_items&quot;:&quot;none&quot;,&quot;img_size&quot;:&quot;default&quot;,&quot;ignore_items_size&quot;:0,&quot;items_layout&quot;:&quot;blog_3&quot;,&quot;items_offset&quot;:&quot;1&quot;,&quot;load_animation&quot;:&quot;none&quot;,&quot;overriding_link&quot;:&quot;none&quot;,&quot;post_id&quot;:7,&quot;query_args&quot;:{&quot;post_type&quot;:[&quot;page&quot;],&quot;post_status&quot;:[&quot;publish&quot;],&quot;posts_per_page&quot;:999},&quot;orderby_query_args&quot;:{&quot;orderby&quot;:{&quot;date&quot;:&quot;DESC&quot;}},&quot;type&quot;:&quot;grid&quot;,&quot;us_grid_ajax_index&quot;:1,&quot;us_grid_filter_params&quot;:null,&quot;us_grid_index&quot;:1,&quot;_us_grid_post_type&quot;:&quot;page&quot;}}'><\/div>\r\n\t<\/div><div class=\"w-separator size_large with_line width_default thick_1 style_solid color_border align_center\"><div class=\"w-separator-h\"><\/div><\/div><div class=\"wpb_text_column\"><div class=\"wpb_wrapper\"><h3>Todos los servicios<\/h3>\n<\/div><\/div><div class=\"w-grid type_grid layout_blog_3 cols_3\" id=\"us_grid_2\"><style>#us_grid_2 .w-grid-item{padding:1.5rem}#us_grid_2 .w-grid-list{margin:-1.5rem}.w-grid + #us_grid_2 .w-grid-list,.w-grid-none + #us_grid_2 .w-grid-list{margin-top:1.5rem}@media (max-width:899px){#us_grid_2 .w-grid-item{width:50%}}@media (max-width:599px){#us_grid_2 .w-grid-list{margin:0}#us_grid_2 .w-grid-item{width:100%;padding:0;margin-bottom:1.5rem}}<\/style><div class=\"w-grid-list\">\t<article class=\"w-grid-item size_1x1 post-173 us_portfolio type-us_portfolio status-publish has-post-thumbnail hentry us_portfolio_category-vip-table-booking us_portfolio_tag-ibiza\" data-id=\"173\">\r\n\t\t<div class=\"w-grid-item-h\">\r\n\t\t\t\t\t\t<div class=\"w-post-elm post_title usg_post_title_1 entry-title color_link_inherit\"><a href=\"https:\/\/vipflow.com\/es\/privilegio-ibiza-mesas-vip\/\">Privilege Ibiza<\/a><\/div>\t\t<\/div>\r\n\t<\/article>\r\n\t<article class=\"w-grid-item size_1x1 post-170 us_portfolio type-us_portfolio status-publish has-post-thumbnail hentry us_portfolio_category-vip-table-booking us_portfolio_tag-ibiza\" data-id=\"170\">\r\n\t\t<div class=\"w-grid-item-h\">\r\n\t\t\t\t\t\t<div class=\"w-post-elm post_title usg_post_title_1 entry-title color_link_inherit\"><a href=\"https:\/\/vipflow.com\/es\/nassau-beach-ibiza-mesa-vip\/\">Nassau Beach Ibiza<\/a><\/div>\t\t<\/div>\r\n\t<\/article>\r\n\t<article class=\"w-grid-item size_1x1 post-169 us_portfolio type-us_portfolio status-publish has-post-thumbnail hentry us_portfolio_category-vip-table-booking us_portfolio_tag-ibiza\" data-id=\"169\">\r\n\t\t<div class=\"w-grid-item-h\">\r\n\t\t\t\t\t\t<div class=\"w-post-elm post_title usg_post_title_1 entry-title color_link_inherit\"><a href=\"https:\/\/vipflow.com\/es\/bagatelle-ibiza-mesa-vip\/\">Bagatelle Ibiza<\/a><\/div>\t\t<\/div>\r\n\t<\/article>\r\n\t<article class=\"w-grid-item size_1x1 post-167 us_portfolio type-us_portfolio status-publish has-post-thumbnail hentry us_portfolio_category-vip-table-booking us_portfolio_tag-ibiza\" data-id=\"167\">\r\n\t\t<div class=\"w-grid-item-h\">\r\n\t\t\t\t\t\t<div class=\"w-post-elm post_title usg_post_title_1 entry-title color_link_inherit\"><a href=\"https:\/\/vipflow.com\/es\/blue-marlin-ibiza-mesa-vip\/\">Blue Marlin Ibiza<\/a><\/div>\t\t<\/div>\r\n\t<\/article>\r\n\t<article class=\"w-grid-item size_1x1 post-165 us_portfolio type-us_portfolio status-publish has-post-thumbnail hentry us_portfolio_category-vip-table-booking us_portfolio_tag-ibiza\" data-id=\"165\">\r\n\t\t<div class=\"w-grid-item-h\">\r\n\t\t\t\t\t\t<div class=\"w-post-elm post_title usg_post_title_1 entry-title color_link_inherit\"><a href=\"https:\/\/vipflow.com\/es\/nikki-beach-ibiza-mesa-vip\/\">Nikki Beach Ibiza<\/a><\/div>\t\t<\/div>\r\n\t<\/article>\r\n\t<article class=\"w-grid-item size_1x1 post-163 us_portfolio type-us_portfolio status-publish has-post-thumbnail hentry us_portfolio_category-vip-table-booking us_portfolio_tag-ibiza\" data-id=\"163\">\r\n\t\t<div class=\"w-grid-item-h\">\r\n\t\t\t\t\t\t<div class=\"w-post-elm post_title usg_post_title_1 entry-title color_link_inherit\"><a href=\"https:\/\/vipflow.com\/es\/ocean-beach-ibiza-mesa-vip\/\">Ocean Beach Ibiza<\/a><\/div>\t\t<\/div>\r\n\t<\/article>\r\n\t<article class=\"w-grid-item size_1x1 post-161 us_portfolio type-us_portfolio status-publish has-post-thumbnail hentry us_portfolio_category-vip-table-booking us_portfolio_tag-ibiza\" data-id=\"161\">\r\n\t\t<div class=\"w-grid-item-h\">\r\n\t\t\t\t\t\t<div class=\"w-post-elm post_title usg_post_title_1 entry-title color_link_inherit\"><a href=\"https:\/\/vipflow.com\/es\/destino-ibiza-mesa-vip\/\">Destino Ibiza<\/a><\/div>\t\t<\/div>\r\n\t<\/article>\r\n\t<article class=\"w-grid-item size_1x1 post-158 us_portfolio type-us_portfolio status-publish has-post-thumbnail hentry us_portfolio_category-vip-table-booking us_portfolio_tag-ibiza\" data-id=\"158\">\r\n\t\t<div class=\"w-grid-item-h\">\r\n\t\t\t\t\t\t<div class=\"w-post-elm post_title usg_post_title_1 entry-title color_link_inherit\"><a href=\"https:\/\/vipflow.com\/es\/es-paradis-ibiza-mesa-vip\/\">Es Paradis Ibiza<\/a><\/div>\t\t<\/div>\r\n\t<\/article>\r\n\t<article class=\"w-grid-item size_1x1 post-157 us_portfolio type-us_portfolio status-publish has-post-thumbnail hentry us_portfolio_category-vip-table-booking us_portfolio_tag-ibiza\" data-id=\"157\">\r\n\t\t<div class=\"w-grid-item-h\">\r\n\t\t\t\t\t\t<div class=\"w-post-elm post_title usg_post_title_1 entry-title color_link_inherit\"><a href=\"https:\/\/vipflow.com\/es\/amnesia-ibiza-mesa-vip\/\">Amnesia Ibiza<\/a><\/div>\t\t<\/div>\r\n\t<\/article>\r\n\t<article class=\"w-grid-item size_1x1 post-155 us_portfolio type-us_portfolio status-publish has-post-thumbnail hentry us_portfolio_category-vip-table-booking us_portfolio_tag-ibiza\" data-id=\"155\">\r\n\t\t<div class=\"w-grid-item-h\">\r\n\t\t\t\t\t\t<div class=\"w-post-elm post_title usg_post_title_1 entry-title color_link_inherit\"><a href=\"https:\/\/vipflow.com\/es\/ushuaia-ibiza-mesa-vip\/\">Ushuaia Ibiza<\/a><\/div>\t\t<\/div>\r\n\t<\/article>\r\n\t<article class=\"w-grid-item size_1x1 post-153 us_portfolio type-us_portfolio status-publish has-post-thumbnail hentry us_portfolio_category-vip-table-booking us_portfolio_tag-ibiza\" data-id=\"153\">\r\n\t\t<div class=\"w-grid-item-h\">\r\n\t\t\t\t\t\t<div class=\"w-post-elm post_title usg_post_title_1 entry-title color_link_inherit\"><a href=\"https:\/\/vipflow.com\/es\/hi-ibiza-mesa-vip\/\">Hi Ibiza<\/a><\/div>\t\t<\/div>\r\n\t<\/article>\r\n\t<article class=\"w-grid-item size_1x1 post-151 us_portfolio type-us_portfolio status-publish has-post-thumbnail hentry us_portfolio_category-vip-table-booking us_portfolio_tag-ibiza\" data-id=\"151\">\r\n\t\t<div class=\"w-grid-item-h\">\r\n\t\t\t\t\t\t<div class=\"w-post-elm post_title usg_post_title_1 entry-title color_link_inherit\"><a href=\"https:\/\/vipflow.com\/es\/pacha-ibiza-mesa-vip\/\">Pacha Ibiza<\/a><\/div>\t\t<\/div>\r\n\t<\/article>\r\n\t<article class=\"w-grid-item size_1x1 post-149 us_portfolio type-us_portfolio status-publish has-post-thumbnail hentry us_portfolio_category-vip-table-booking us_portfolio_tag-ibiza\" data-id=\"149\">\r\n\t\t<div class=\"w-grid-item-h\">\r\n\t\t\t\t\t\t<div class=\"w-post-elm post_title usg_post_title_1 entry-title color_link_inherit\"><a href=\"https:\/\/vipflow.com\/es\/ibiza-bottle-service-bookings\/\">Reservas del Servicio de Botellas de Ibiza<\/a><\/div>\t\t<\/div>\r\n\t<\/article>\r\n\t<article class=\"w-grid-item size_1x1 post-90 us_portfolio type-us_portfolio status-publish has-post-thumbnail hentry us_portfolio_category-vip-table-booking us_portfolio_tag-madrid\" data-id=\"90\">\r\n\t\t<div class=\"w-grid-item-h\">\r\n\t\t\t\t\t\t<div class=\"w-post-elm post_title usg_post_title_1 entry-title color_link_inherit\"><a href=\"https:\/\/vipflow.com\/es\/oh-mi-club-madrid-mesa-vip\/\">Oh My Club Madrid<\/a><\/div>\t\t<\/div>\r\n\t<\/article>\r\n\t<article class=\"w-grid-item size_1x1 post-92 us_portfolio type-us_portfolio status-publish has-post-thumbnail hentry us_portfolio_category-vip-table-booking us_portfolio_tag-madrid\" data-id=\"92\">\r\n\t\t<div class=\"w-grid-item-h\">\r\n\t\t\t\t\t\t<div class=\"w-post-elm post_title usg_post_title_1 entry-title color_link_inherit\"><a href=\"https:\/\/vipflow.com\/es\/liberty-madrid-mesa-vip\/\">Liberty Madrid<\/a><\/div>\t\t<\/div>\r\n\t<\/article>\r\n\t<article class=\"w-grid-item size_1x1 post-94 us_portfolio type-us_portfolio status-publish has-post-thumbnail hentry us_portfolio_category-vip-table-booking us_portfolio_tag-madrid\" data-id=\"94\">\r\n\t\t<div class=\"w-grid-item-h\">\r\n\t\t\t\t\t\t<div class=\"w-post-elm post_title usg_post_title_1 entry-title color_link_inherit\"><a href=\"https:\/\/vipflow.com\/es\/joy-eslava-madrid-mesa-vip\/\">Joy Eslava Madrid<\/a><\/div>\t\t<\/div>\r\n\t<\/article>\r\n\t<article class=\"w-grid-item size_1x1 post-96 us_portfolio type-us_portfolio status-publish has-post-thumbnail hentry us_portfolio_category-vip-table-booking us_portfolio_tag-madrid\" data-id=\"96\">\r\n\t\t<div class=\"w-grid-item-h\">\r\n\t\t\t\t\t\t<div class=\"w-post-elm post_title usg_post_title_1 entry-title color_link_inherit\"><a href=\"https:\/\/vipflow.com\/es\/teatro-barcelo-madrid-mesa-vip\/\">Teatro Barcelo Madrid<\/a><\/div>\t\t<\/div>\r\n\t<\/article>\r\n\t<article class=\"w-grid-item size_1x1 post-98 us_portfolio type-us_portfolio status-publish has-post-thumbnail hentry us_portfolio_category-vip-table-booking us_portfolio_tag-madrid\" data-id=\"98\">\r\n\t\t<div class=\"w-grid-item-h\">\r\n\t\t\t\t\t\t<div class=\"w-post-elm post_title usg_post_title_1 entry-title color_link_inherit\"><a href=\"https:\/\/vipflow.com\/es\/teatro-kapital-madrid-vip-table\/\">Teatro Kapital Madrid<\/a><\/div>\t\t<\/div>\r\n\t<\/article>\r\n\t<article class=\"w-grid-item size_1x1 post-100 us_portfolio type-us_portfolio status-publish has-post-thumbnail hentry us_portfolio_category-vip-table-booking us_portfolio_tag-madrid\" data-id=\"100\">\r\n\t\t<div class=\"w-grid-item-h\">\r\n\t\t\t\t\t\t<div class=\"w-post-elm post_title usg_post_title_1 entry-title color_link_inherit\"><a href=\"https:\/\/vipflow.com\/es\/opium-madrid-mesa-vip\/\">Opio Madrid<\/a><\/div>\t\t<\/div>\r\n\t<\/article>\r\n\t<article class=\"w-grid-item size_1x1 post-102 us_portfolio type-us_portfolio status-publish has-post-thumbnail hentry us_portfolio_category-vip-table-booking us_portfolio_tag-madrid\" data-id=\"102\">\r\n\t\t<div class=\"w-grid-item-h\">\r\n\t\t\t\t\t\t<div class=\"w-post-elm post_title usg_post_title_1 entry-title color_link_inherit\"><a href=\"https:\/\/vipflow.com\/es\/bling-bling-madrid-vip-table\/\">Bling Bling Madrid<\/a><\/div>\t\t<\/div>\r\n\t<\/article>\r\n\t<article class=\"w-grid-item size_1x1 post-16 us_portfolio type-us_portfolio status-publish has-post-thumbnail hentry us_portfolio_category-vip-table-booking us_portfolio_tag-barcelona\" data-id=\"16\">\r\n\t\t<div class=\"w-grid-item-h\">\r\n\t\t\t\t\t\t<div class=\"w-post-elm post_title usg_post_title_1 entry-title color_link_inherit\"><a href=\"https:\/\/vipflow.com\/es\/opium-barcelona-mesa-vip\/\">Opium Barcelona<\/a><\/div>\t\t<\/div>\r\n\t<\/article>\r\n\t<article class=\"w-grid-item size_1x1 post-18 us_portfolio type-us_portfolio status-publish has-post-thumbnail hentry us_portfolio_category-vip-table-booking us_portfolio_tag-barcelona\" data-id=\"18\">\r\n\t\t<div class=\"w-grid-item-h\">\r\n\t\t\t\t\t\t<div class=\"w-post-elm post_title usg_post_title_1 entry-title color_link_inherit\"><a href=\"https:\/\/vipflow.com\/es\/twenties-barcelona-mesa-vip\/\">Twenties Barcelona<\/a><\/div>\t\t<\/div>\r\n\t<\/article>\r\n\t<article class=\"w-grid-item size_1x1 post-20 us_portfolio type-us_portfolio status-publish has-post-thumbnail hentry us_portfolio_category-vip-table-booking us_portfolio_tag-barcelona\" data-id=\"20\">\r\n\t\t<div class=\"w-grid-item-h\">\r\n\t\t\t\t\t\t<div class=\"w-post-elm post_title usg_post_title_1 entry-title color_link_inherit\"><a href=\"https:\/\/vipflow.com\/es\/otto-zutz-barcelona-mesa-vip\/\">Otto Zutz Barcelona<\/a><\/div>\t\t<\/div>\r\n\t<\/article>\r\n\t<article class=\"w-grid-item size_1x1 post-22 us_portfolio type-us_portfolio status-publish has-post-thumbnail hentry us_portfolio_category-vip-table-booking us_portfolio_tag-barcelona\" data-id=\"22\">\r\n\t\t<div class=\"w-grid-item-h\">\r\n\t\t\t\t\t\t<div class=\"w-post-elm post_title usg_post_title_1 entry-title color_link_inherit\"><a href=\"https:\/\/vipflow.com\/es\/catwalk-barcelona-mesa-vip\/\">Catwalk Barcelona<\/a><\/div>\t\t<\/div>\r\n\t<\/article>\r\n\t<article class=\"w-grid-item size_1x1 post-24 us_portfolio type-us_portfolio status-publish has-post-thumbnail hentry us_portfolio_category-vip-table-booking us_portfolio_tag-barcelona\" data-id=\"24\">\r\n\t\t<div class=\"w-grid-item-h\">\r\n\t\t\t\t\t\t<div class=\"w-post-elm post_title usg_post_title_1 entry-title color_link_inherit\"><a href=\"https:\/\/vipflow.com\/es\/cdlc-barcelona-mesa-vip\/\">Carpe Diem Barcelona<\/a><\/div>\t\t<\/div>\r\n\t<\/article>\r\n\t<article class=\"w-grid-item size_1x1 post-26 us_portfolio type-us_portfolio status-publish has-post-thumbnail hentry us_portfolio_category-vip-table-booking us_portfolio_tag-barcelona\" data-id=\"26\">\r\n\t\t<div class=\"w-grid-item-h\">\r\n\t\t\t\t\t\t<div class=\"w-post-elm post_title usg_post_title_1 entry-title color_link_inherit\"><a href=\"https:\/\/vipflow.com\/es\/eclipse-barcelona-vip-table\/\">Eclipse Barcelona<\/a><\/div>\t\t<\/div>\r\n\t<\/article>\r\n\t<article class=\"w-grid-item size_1x1 post-28 us_portfolio type-us_portfolio status-publish has-post-thumbnail hentry us_portfolio_category-vip-table-booking us_portfolio_tag-barcelona\" data-id=\"28\">\r\n\t\t<div class=\"w-grid-item-h\">\r\n\t\t\t\t\t\t<div class=\"w-post-elm post_title usg_post_title_1 entry-title color_link_inherit\"><a href=\"https:\/\/vipflow.com\/es\/shoko-barcelona-mesa-vip\/\">Shoko Barcelona<\/a><\/div>\t\t<\/div>\r\n\t<\/article>\r\n\t<article class=\"w-grid-item size_1x1 post-106 us_portfolio type-us_portfolio status-publish has-post-thumbnail hentry us_portfolio_category-vip-table-booking us_portfolio_tag-madrid\" data-id=\"106\">\r\n\t\t<div class=\"w-grid-item-h\">\r\n\t\t\t\t\t\t<div class=\"w-post-elm post_title usg_post_title_1 entry-title color_link_inherit\"><a href=\"https:\/\/vipflow.com\/es\/shoko-madrid-mesa-vip\/\">Shoko Madrid<\/a><\/div>\t\t<\/div>\r\n\t<\/article>\r\n\t<article class=\"w-grid-item size_1x1 post-30 us_portfolio type-us_portfolio status-publish has-post-thumbnail hentry us_portfolio_category-vip-table-booking us_portfolio_tag-barcelona\" data-id=\"30\">\r\n\t\t<div class=\"w-grid-item-h\">\r\n\t\t\t\t\t\t<div class=\"w-post-elm post_title usg_post_title_1 entry-title color_link_inherit\"><a href=\"https:\/\/vipflow.com\/es\/sutton-barcelona-mesa-vip\/\">Sutton Barcelona<\/a><\/div>\t\t<\/div>\r\n\t<\/article>\r\n\t<article class=\"w-grid-item size_1x1 post-108 us_portfolio type-us_portfolio status-publish has-post-thumbnail hentry us_portfolio_category-vip-table-booking us_portfolio_tag-madrid\" data-id=\"108\">\r\n\t\t<div class=\"w-grid-item-h\">\r\n\t\t\t\t\t\t<div class=\"w-post-elm post_title usg_post_title_1 entry-title color_link_inherit\"><a href=\"https:\/\/vipflow.com\/es\/madrid-servicio-de-botella-reservas\/\">Reservas del Servicio de Botellas de Madrid<\/a><\/div>\t\t<\/div>\r\n\t<\/article>\r\n\t<article class=\"w-grid-item size_1x1 post-32 us_portfolio type-us_portfolio status-publish has-post-thumbnail hentry us_portfolio_category-vip-table-booking us_portfolio_tag-barcelona\" data-id=\"32\">\r\n\t\t<div class=\"w-grid-item-h\">\r\n\t\t\t\t\t\t<div class=\"w-post-elm post_title usg_post_title_1 entry-title color_link_inherit\"><a href=\"https:\/\/vipflow.com\/es\/barcelona-reservas-mesas-vip\/\">Reservas de Mesas VIP en Barcelona<\/a><\/div>\t\t<\/div>\r\n\t<\/article>\r\n<\/div><div class=\"w-grid-preloader\"><div class=\"g-preloader type_1\">\r\n\t<div><\/div>\r\n<\/div>\r\n<\/div>\t<div class=\"w-grid-json hidden\" onclick='return {&quot;action&quot;:&quot;us_ajax_grid&quot;,&quot;ajax_url&quot;:&quot;https:\\\/\\\/vipflow.com\\\/es\\\/wp-admin\\\/admin-ajax.php&quot;,&quot;infinite_scroll&quot;:0,&quot;max_num_pages&quot;:1,&quot;pagination&quot;:&quot;none&quot;,&quot;permalink_url&quot;:&quot;https:\\\/\\\/vipflow.com\\\/es\\\/wp-json\\\/wp\\\/v2\\\/pages\\\/7&quot;,&quot;template_vars&quot;:{&quot;columns&quot;:&quot;3&quot;,&quot;exclude_items&quot;:&quot;none&quot;,&quot;img_size&quot;:&quot;default&quot;,&quot;ignore_items_size&quot;:0,&quot;items_layout&quot;:&quot;blog_3&quot;,&quot;items_offset&quot;:&quot;1&quot;,&quot;load_animation&quot;:&quot;none&quot;,&quot;overriding_link&quot;:&quot;none&quot;,&quot;post_id&quot;:4,&quot;query_args&quot;:{&quot;post_type&quot;:[&quot;us_portfolio&quot;],&quot;post_status&quot;:[&quot;publish&quot;],&quot;posts_per_page&quot;:999},&quot;orderby_query_args&quot;:{&quot;orderby&quot;:{&quot;date&quot;:&quot;DESC&quot;}},&quot;type&quot;:&quot;grid&quot;,&quot;us_grid_ajax_index&quot;:1,&quot;us_grid_filter_params&quot;:null,&quot;us_grid_index&quot;:2,&quot;_us_grid_post_type&quot;:&quot;us_portfolio&quot;}}'><\/div>\r\n\t<\/div><div class=\"w-separator size_large with_line width_default thick_1 style_solid color_border align_center\"><div class=\"w-separator-h\"><\/div><\/div><div class=\"wpb_text_column\"><div class=\"wpb_wrapper\"><h3>Todos los mensajes<\/h3>\n<\/div><\/div><div class=\"w-grid type_grid layout_blog_3 cols_3\" id=\"us_grid_3\"><style>#us_grid_3 .w-grid-item{padding:1.5rem}#us_grid_3 .w-grid-list{margin:-1.5rem}.w-grid + #us_grid_3 .w-grid-list,.w-grid-none + #us_grid_3 .w-grid-list{margin-top:1.5rem}@media (max-width:899px){#us_grid_3 .w-grid-item{width:50%}}@media (max-width:599px){#us_grid_3 .w-grid-list{margin:0}#us_grid_3 .w-grid-item{width:100%;padding:0;margin-bottom:1.5rem}}<\/style><div class=\"w-grid-list\">\t<article class=\"w-grid-item size_1x1 post-2603 post type-post status-publish format-standard has-post-thumbnail hentry category-luxury-alcohol category-uncategorized tag-whiskey\" data-id=\"2603\">\r\n\t\t<div class=\"w-grid-item-h\">\r\n\t\t\t\t\t\t<div class=\"w-post-elm post_title usg_post_title_1 entry-title color_link_inherit\"><a href=\"https:\/\/vipflow.com\/es\/las-mejores-marcas-de-whisky-colorado-del-mundo\/\">Las mejores marcas de whisky de Colorado del mundo<\/a><\/div>\t\t<\/div>\r\n\t<\/article>\r\n<\/div><div class=\"w-grid-preloader\"><div class=\"g-preloader type_1\">\r\n\t<div><\/div>\r\n<\/div>\r\n<\/div>\t<div class=\"w-grid-json hidden\" onclick='return {&quot;action&quot;:&quot;us_ajax_grid&quot;,&quot;ajax_url&quot;:&quot;https:\\\/\\\/vipflow.com\\\/es\\\/wp-admin\\\/admin-ajax.php&quot;,&quot;infinite_scroll&quot;:0,&quot;max_num_pages&quot;:1,&quot;pagination&quot;:&quot;none&quot;,&quot;permalink_url&quot;:&quot;https:\\\/\\\/vipflow.com\\\/es\\\/wp-json\\\/wp\\\/v2\\\/pages\\\/7&quot;,&quot;template_vars&quot;:{&quot;columns&quot;:&quot;3&quot;,&quot;exclude_items&quot;:&quot;none&quot;,&quot;img_size&quot;:&quot;default&quot;,&quot;ignore_items_size&quot;:0,&quot;items_layout&quot;:&quot;blog_3&quot;,&quot;items_offset&quot;:&quot;1&quot;,&quot;load_animation&quot;:&quot;none&quot;,&quot;overriding_link&quot;:&quot;none&quot;,&quot;post_id&quot;:32,&quot;query_args&quot;:{&quot;post_type&quot;:[&quot;post&quot;],&quot;post_status&quot;:[&quot;publish&quot;],&quot;posts_per_page&quot;:999},&quot;orderby_query_args&quot;:{&quot;orderby&quot;:{&quot;date&quot;:&quot;DESC&quot;}},&quot;type&quot;:&quot;grid&quot;,&quot;us_grid_ajax_index&quot;:1,&quot;us_grid_filter_params&quot;:null,&quot;us_grid_index&quot;:3,&quot;_us_grid_post_type&quot;:&quot;post&quot;}}'><\/div>\r\n\t<\/div><div class=\"w-separator size_large with_line width_default thick_1 style_solid color_border align_center\"><div class=\"w-separator-h\"><\/div><\/div><\/div><\/div><\/div><\/div><\/div><\/section>\n","protected":false},"excerpt":{"rendered":"Las opciones son infinitas cuando se busca la mejor botella de whisky de ColoradoEncontrar\u00e1 un mont\u00f3n de opciones de alta gama, una m\u00e1s cara que la otra Pero lo que no encontrar\u00e1 es una gu\u00eda que realmente le ayude a desglosar y entender qu\u00e9 marca de whisky de Colorado no sab\u00eda que quer\u00edaEsta es esa...","protected":false},"author":1,"featured_media":0,"parent":0,"menu_order":0,"comment_status":"closed","ping_status":"closed","template":"","meta":{"inline_featured_image":false},"_links":{"self":[{"href":"https:\/\/vipflow.com\/es\/wp-json\/wp\/v2\/pages\/7"}],"collection":[{"href":"https:\/\/vipflow.com\/es\/wp-json\/wp\/v2\/pages"}],"about":[{"href":"https:\/\/vipflow.com\/es\/wp-json\/wp\/v2\/types\/page"}],"author":[{"embeddable":true,"href":"https:\/\/vipflow.com\/es\/wp-json\/wp\/v2\/users\/1"}],"replies":[{"embeddable":true,"href":"https:\/\/vipflow.com\/es\/wp-json\/wp\/v2\/comments?post=7"}],"version-history":[{"count":2,"href":"https:\/\/vipflow.com\/es\/wp-json\/wp\/v2\/pages\/7\/revisions"}],"predecessor-version":[{"id":13,"href":"https:\/\/vipflow.com\/es\/wp-json\/wp\/v2\/pages\/7\/revisions\/13"}],"wp:attachment":[{"href":"https:\/\/vipflow.com\/es\/wp-json\/wp\/v2\/media?parent=7"}],"curies":[{"name":"wp","href":"https:\/\/api.w.org\/{rel}","templated":true}]}}