{"id":1425,"date":"2021-11-25T08:40:29","date_gmt":"2021-11-25T08:40:29","guid":{"rendered":"https:\/\/vipflow.com\/?page_id=4041"},"modified":"2021-12-16T14:39:28","modified_gmt":"2021-12-16T14:39:28","slug":"wanderlust","status":"publish","type":"page","link":"https:\/\/vipflow.com\/es\/wanderlust\/","title":{"rendered":"Wanderlust"},"content":{"rendered":"<section class=\"l-section wpb_row height_small\"><div class=\"l-section-h i-cf\"><div class=\"g-cols vc_row via_flex valign_top type_default stacking_default\"><div class=\"vc_col-sm-12 wpb_column vc_column_container\"><div class=\"vc_column-inner\"><div class=\"wpb_wrapper\"><div class=\"wpb_text_column\"><div class=\"wpb_wrapper\"><h1>Wanderlust de Vipflow<\/h1>\n<\/div><\/div><div class=\"w-separator size_small\"><\/div><div class=\"w-image us_custom_213e151c align_none\"><div class=\"w-image-h\"><img class=\"g-placeholder\" src=\"https:\/\/vipflow.com\/es\/wp-content\/plugins\/us-core\/assets\/images\/placeholder.svg\" width=\"\" height=\"\" alt><\/div><\/div><div class=\"w-separator size_small\"><\/div><div class=\"wpb_text_column\"><div class=\"wpb_wrapper\"><p>Nuestro servicio estrella.<\/p>\n<p>Vamos m\u00e1s all\u00e1 para nuestros clientes organizando una experiencia de viaje a medida, inspirada en usted. Construimos unas vacaciones totalmente a medida dise\u00f1adas para sorprender, deleitar e impresionar.<\/p>\n<p><strong>Paso 1:<\/strong><\/p>\n<p>Registre su inter\u00e9s en el siguiente formulario. Sobre todo, exigiremos una prueba de fondos para asegurarnos de que podemos ofrecer lo mejor de lo mejor.<\/p>\n<p><strong>Paso 2:<\/strong><\/p>\n<p>Si supera nuestros criterios m\u00ednimos, nos pondremos en contacto con usted a trav\u00e9s de su canal preferido para programar una llamada en la que nos describa las vacaciones de sus sue\u00f1os. Ninguna petici\u00f3n es demasiado descabellada.<\/p>\n<p><strong>Paso 3:<\/strong><\/p>\n<p>Lo hacemos realidad.<\/p>\n<\/div><\/div><\/div><\/div><\/div><\/div><\/div><\/section>\n","protected":false},"excerpt":{"rendered":"Wanderlust de Vipflow Nuestro servicio estrella. Vamos m\u00e1s all\u00e1 para nuestros clientes organizando una experiencia de viaje a medida, inspirada en usted. Construimos unas vacaciones totalmente a medida dise\u00f1adas para sorprender, deleitar e impresionar. Paso 1: Registre su inter\u00e9s en el siguiente formulario. Sobre todo, exigiremos una prueba de fondos para asegurarnos de que podemos...","protected":false},"author":1,"featured_media":0,"parent":0,"menu_order":0,"comment_status":"closed","ping_status":"closed","template":"","meta":{"inline_featured_image":false},"_links":{"self":[{"href":"https:\/\/vipflow.com\/es\/wp-json\/wp\/v2\/pages\/1425"}],"collection":[{"href":"https:\/\/vipflow.com\/es\/wp-json\/wp\/v2\/pages"}],"about":[{"href":"https:\/\/vipflow.com\/es\/wp-json\/wp\/v2\/types\/page"}],"author":[{"embeddable":true,"href":"https:\/\/vipflow.com\/es\/wp-json\/wp\/v2\/users\/1"}],"replies":[{"embeddable":true,"href":"https:\/\/vipflow.com\/es\/wp-json\/wp\/v2\/comments?post=1425"}],"version-history":[{"count":3,"href":"https:\/\/vipflow.com\/es\/wp-json\/wp\/v2\/pages\/1425\/revisions"}],"predecessor-version":[{"id":1438,"href":"https:\/\/vipflow.com\/es\/wp-json\/wp\/v2\/pages\/1425\/revisions\/1438"}],"wp:attachment":[{"href":"https:\/\/vipflow.com\/es\/wp-json\/wp\/v2\/media?parent=1425"}],"curies":[{"name":"wp","href":"https:\/\/api.w.org\/{rel}","templated":true}]}}