{"id":1424,"date":"2021-10-26T06:27:43","date_gmt":"2021-10-26T06:27:43","guid":{"rendered":"https:\/\/vipflow.com\/?page_id=2823"},"modified":"2021-12-16T14:41:57","modified_gmt":"2021-12-16T14:41:57","slug":"thanks-vip-table","status":"publish","type":"page","link":"https:\/\/vipflow.com\/es\/thanks-vip-table\/","title":{"rendered":"Gracias Mesa VIP"},"content":{"rendered":"<section class=\"l-section wpb_row height_small\"><div class=\"l-section-h i-cf\"><div class=\"g-cols vc_row via_flex valign_top type_default stacking_default\"><div class=\"vc_col-sm-12 wpb_column vc_column_container\"><div class=\"vc_column-inner\"><div class=\"wpb_wrapper\"><div class=\"wpb_text_column\"><div class=\"wpb_wrapper\"><h1 style=\"text-align: left;\">Gracias por solicitar una reserva de mesa VIP.<\/h1>\n<\/div><\/div><div class=\"w-separator size_small\"><\/div>[vc_single_image image=&#8221;65&#8243; img_size=&#8221;full&#8221; css=&#8221;.vc_custom_1639665713322{border-radius: 10px !important;}&#8221;]<div class=\"w-separator size_small\"><\/div><div class=\"wpb_text_column\"><div class=\"wpb_wrapper\"><h3 style=\"text-align: left;\">Pr\u00f3ximos pasos:<\/h3>\n<p>Nos pondremos en contacto con usted a trav\u00e9s del canal que haya seleccionado con la informaci\u00f3n, los mapas de las mesas, los precios de las botellas, las condiciones de la reserva, los contactos del gerente VIP, etc del club que haya solicitado.<\/p>\n<p>Mientras tanto, navegue por nuestros otros servicios de conserjer\u00eda, quiz\u00e1s haya algo para usted.Saludos cordiales,Scott de Vipflow<\/p>\n<\/div><\/div><\/div><\/div><\/div><\/div><\/div><\/section>\n","protected":false},"excerpt":{"rendered":"Gracias por solicitar una reserva de mesa VIP. [vc_single_image image=\"65\" img_size=\"full\" css=\".vc_custom_1639665713322{border-radius: 10px !important;}\"]Pr\u00f3ximos pasos: Nos pondremos en contacto con usted a trav\u00e9s del canal que haya seleccionado con la informaci\u00f3n, los mapas de las mesas, los precios de las botellas, las condiciones de la reserva, los contactos del gerente VIP, etc del club que...","protected":false},"author":1,"featured_media":0,"parent":0,"menu_order":0,"comment_status":"closed","ping_status":"closed","template":"","meta":{"inline_featured_image":false},"_links":{"self":[{"href":"https:\/\/vipflow.com\/es\/wp-json\/wp\/v2\/pages\/1424"}],"collection":[{"href":"https:\/\/vipflow.com\/es\/wp-json\/wp\/v2\/pages"}],"about":[{"href":"https:\/\/vipflow.com\/es\/wp-json\/wp\/v2\/types\/page"}],"author":[{"embeddable":true,"href":"https:\/\/vipflow.com\/es\/wp-json\/wp\/v2\/users\/1"}],"replies":[{"embeddable":true,"href":"https:\/\/vipflow.com\/es\/wp-json\/wp\/v2\/comments?post=1424"}],"version-history":[{"count":5,"href":"https:\/\/vipflow.com\/es\/wp-json\/wp\/v2\/pages\/1424\/revisions"}],"predecessor-version":[{"id":1440,"href":"https:\/\/vipflow.com\/es\/wp-json\/wp\/v2\/pages\/1424\/revisions\/1440"}],"wp:attachment":[{"href":"https:\/\/vipflow.com\/es\/wp-json\/wp\/v2\/media?parent=1424"}],"curies":[{"name":"wp","href":"https:\/\/api.w.org\/{rel}","templated":true}]}}