{"id":1423,"date":"2021-12-07T12:35:03","date_gmt":"2021-12-07T12:35:03","guid":{"rendered":"https:\/\/vipflow.com\/?page_id=6340"},"modified":"2021-12-16T14:37:10","modified_gmt":"2021-12-16T14:37:10","slug":"alcohol-de-lujo","status":"publish","type":"page","link":"https:\/\/vipflow.com\/es\/alcohol-de-lujo\/","title":{"rendered":"Alcohol de lujo"},"content":{"rendered":"<section class=\"l-section wpb_row height_small\"><div class=\"l-section-h i-cf\"><div class=\"g-cols vc_row via_flex valign_top type_default stacking_default\"><div class=\"vc_col-sm-12 wpb_column vc_column_container\"><div class=\"vc_column-inner\"><div class=\"wpb_wrapper\"><div class=\"wpb_text_column\"><div class=\"wpb_wrapper\"><h1>La Enciclopedia del Alcohol de Alta Gama<\/h1>\n<p>Sea lo que sea, lo tenemos revisado y comparado.<\/p>\n<\/div><\/div><div class=\"w-separator size_medium\"><\/div><div class=\"w-grid type_grid layout_blog_1 cols_3\" id=\"us_grid_1\" data-filterable=\"true\"><style>#us_grid_1 .w-grid-item{padding:1.5rem}#us_grid_1 .w-grid-list{margin:-1.5rem}.w-grid + #us_grid_1 .w-grid-list,.w-grid-none + #us_grid_1 .w-grid-list{margin-top:1.5rem}@media (max-width:899px){#us_grid_1 .w-grid-item{width:50%}}@media (max-width:599px){#us_grid_1 .w-grid-list{margin:0}#us_grid_1 .w-grid-item{width:100%;padding:0;margin-bottom:1.5rem}}.layout_blog_1 .w-grid-item-h{}.layout_blog_1 .usg_post_image_1{margin-bottom:0.5rem!important}.layout_blog_1 .usg_post_title_1{font-size:1rem!important}<\/style><div class=\"w-grid-list\">\t<article class=\"w-grid-item size_1x1 post-2603 post type-post status-publish format-standard has-post-thumbnail hentry category-luxury-alcohol category-uncategorized tag-whiskey\" data-id=\"2603\">\r\n\t\t<div class=\"w-grid-item-h\">\r\n\t\t\t\t\t\t<div class=\"w-post-elm post_image usg_post_image_1 stretched\"><a href=\"https:\/\/vipflow.com\/es\/las-mejores-marcas-de-whisky-colorado-del-mundo\/\" aria-label=\"Las mejores marcas de whisky de Colorado del mundo\"><img width=\"1000\" height=\"1000\" src=\"https:\/\/vipflow.com\/es\/wp-content\/uploads\/2022\/03\/Colorado-Whiskey.jpg\" class=\"attachment-large size-large wp-post-image\" alt=\"\" decoding=\"async\" loading=\"lazy\" srcset=\"https:\/\/vipflow.com\/es\/wp-content\/uploads\/2022\/03\/Colorado-Whiskey.jpg 1000w, https:\/\/vipflow.com\/es\/wp-content\/uploads\/2022\/03\/Colorado-Whiskey-300x300.jpg 300w, https:\/\/vipflow.com\/es\/wp-content\/uploads\/2022\/03\/Colorado-Whiskey-150x150.jpg 150w\" sizes=\"(max-width: 1000px) 100vw, 1000px\" \/><\/a><\/div><h2 class=\"w-post-elm post_title usg_post_title_1 entry-title color_link_inherit\"><a href=\"https:\/\/vipflow.com\/es\/las-mejores-marcas-de-whisky-colorado-del-mundo\/\">Las mejores marcas de whisky de Colorado del mundo<\/a><\/h2>\t\t<\/div>\r\n\t<\/article>\r\n<\/div><div class=\"w-grid-preloader\"><div class=\"g-preloader type_1\">\r\n\t<div><\/div>\r\n<\/div>\r\n<\/div>\t<div class=\"w-grid-json hidden\" onclick='return {&quot;action&quot;:&quot;us_ajax_grid&quot;,&quot;ajax_url&quot;:&quot;https:\\\/\\\/vipflow.com\\\/es\\\/wp-admin\\\/admin-ajax.php&quot;,&quot;infinite_scroll&quot;:0,&quot;max_num_pages&quot;:1,&quot;pagination&quot;:&quot;none&quot;,&quot;permalink_url&quot;:&quot;https:\\\/\\\/vipflow.com\\\/es\\\/wp-json\\\/wp\\\/v2\\\/pages\\\/1423&quot;,&quot;template_vars&quot;:{&quot;columns&quot;:&quot;3&quot;,&quot;exclude_items&quot;:&quot;none&quot;,&quot;img_size&quot;:&quot;default&quot;,&quot;ignore_items_size&quot;:0,&quot;items_layout&quot;:&quot;blog_1&quot;,&quot;items_offset&quot;:&quot;1&quot;,&quot;load_animation&quot;:&quot;none&quot;,&quot;overriding_link&quot;:&quot;none&quot;,&quot;post_id&quot;:1423,&quot;query_args&quot;:{&quot;post_type&quot;:[&quot;post&quot;],&quot;post_status&quot;:[&quot;publish&quot;],&quot;posts_per_page&quot;:&quot;1000&quot;},&quot;orderby_query_args&quot;:{&quot;orderby&quot;:{&quot;date&quot;:&quot;DESC&quot;}},&quot;type&quot;:&quot;grid&quot;,&quot;us_grid_ajax_index&quot;:1,&quot;us_grid_filter_params&quot;:null,&quot;us_grid_index&quot;:1,&quot;_us_grid_post_type&quot;:&quot;post&quot;}}'><\/div>\r\n\t<\/div><\/div><\/div><\/div><\/div><\/div><\/section>\n","protected":false},"excerpt":{"rendered":"Las opciones son infinitas cuando se busca la mejor botella de whisky de ColoradoEncontrar\u00e1 un mont\u00f3n de opciones de alta gama, una m\u00e1s cara que la otra Pero lo que no encontrar\u00e1 es una gu\u00eda que realmente le ayude a desglosar y entender qu\u00e9 marca de whisky de Colorado no sab\u00eda que quer\u00edaEsta es esa...","protected":false},"author":1,"featured_media":0,"parent":0,"menu_order":0,"comment_status":"closed","ping_status":"closed","template":"","meta":{"inline_featured_image":false},"_links":{"self":[{"href":"https:\/\/vipflow.com\/es\/wp-json\/wp\/v2\/pages\/1423"}],"collection":[{"href":"https:\/\/vipflow.com\/es\/wp-json\/wp\/v2\/pages"}],"about":[{"href":"https:\/\/vipflow.com\/es\/wp-json\/wp\/v2\/types\/page"}],"author":[{"embeddable":true,"href":"https:\/\/vipflow.com\/es\/wp-json\/wp\/v2\/users\/1"}],"replies":[{"embeddable":true,"href":"https:\/\/vipflow.com\/es\/wp-json\/wp\/v2\/comments?post=1423"}],"version-history":[{"count":3,"href":"https:\/\/vipflow.com\/es\/wp-json\/wp\/v2\/pages\/1423\/revisions"}],"predecessor-version":[{"id":1434,"href":"https:\/\/vipflow.com\/es\/wp-json\/wp\/v2\/pages\/1423\/revisions\/1434"}],"wp:attachment":[{"href":"https:\/\/vipflow.com\/es\/wp-json\/wp\/v2\/media?parent=1423"}],"curies":[{"name":"wp","href":"https:\/\/api.w.org\/{rel}","templated":true}]}}