{"id":1422,"date":"2021-12-05T11:57:47","date_gmt":"2021-12-05T11:57:47","guid":{"rendered":"https:\/\/vipflow.com\/?page_id=5830"},"modified":"2021-12-16T14:44:13","modified_gmt":"2021-12-16T14:44:13","slug":"concierge-by-vipflow","status":"publish","type":"page","link":"https:\/\/vipflow.com\/es\/concierge-by-vipflow\/","title":{"rendered":"Concierge by Vipflow"},"content":{"rendered":"<section class=\"l-section wpb_row height_small\"><div class=\"l-section-h i-cf\"><div class=\"g-cols vc_row via_flex valign_top type_default stacking_default\"><div class=\"vc_col-sm-12 wpb_column vc_column_container\"><div class=\"vc_column-inner\"><div class=\"wpb_wrapper\"><div class=\"wpb_text_column\"><div class=\"wpb_wrapper\"><h1>El grupo de conserjer\u00eda n\u00famero 1 del mundo<\/h1>\n<p>El servicio de conserjer\u00eda y afiliaci\u00f3n n\u00famero 1 del mundo<\/p>\n<p>Obtenga un gestor personal de su estilo de vida &#8211; Privilegios exclusivos &#8211; Acceso \u00fanico y a medida &#8211; Con cobertura mundial &#8211; Y experiencias inolvidables<\/p>\n<p>Y, por \u00faltimo,<strong> ahorrar tiempo<\/strong><\/p>\n<\/div><\/div><div class=\"w-separator size_small\"><\/div><div class=\"w-btn-wrapper align_none\"><a class=\"w-btn us-btn-style_1\" href=\"#enquire\"><span class=\"w-btn-label\">Solicitar informaci\u00f3n<\/span><\/a><\/div><div class=\"w-btn-wrapper align_none\"><a class=\"w-btn us-btn-style_1\" href=\"#services\"><span class=\"w-btn-label\">Descubra nuestros servicios<\/span><\/a><\/div><div class=\"w-separator size_small\"><\/div><div class=\"w-image us_custom_9cf479d2 align_none\"><a href=\"#enquire\" aria-label=\"Link\" class=\"w-image-h\"><img width=\"600\" height=\"150\" src=\"https:\/\/vipflow.com\/es\/wp-content\/uploads\/2021\/10\/CONCIERGE-BY.png\" class=\"attachment-large size-large\" alt=\"\" decoding=\"async\" loading=\"lazy\" srcset=\"https:\/\/vipflow.com\/es\/wp-content\/uploads\/2021\/10\/CONCIERGE-BY.png 600w, https:\/\/vipflow.com\/es\/wp-content\/uploads\/2021\/10\/CONCIERGE-BY-300x75.png 300w\" sizes=\"(max-width: 600px) 100vw, 600px\" \/><\/a><\/div><div class=\"w-separator size_small\"><\/div><div class=\"wpb_text_column\"><div class=\"wpb_wrapper\">\n<\/div><\/div><\/div><\/div><\/div><\/div><\/div><\/section><section class=\"l-section wpb_row height_small\" id=\"services\"><div class=\"l-section-h i-cf\"><div class=\"g-cols vc_row via_flex valign_top type_default stacking_default\"><div class=\"vc_col-sm-12 wpb_column vc_column_container\"><div class=\"vc_column-inner\"><div class=\"wpb_wrapper\"><div class=\"wpb_text_column\"><div class=\"wpb_wrapper\"><h2>Nuestros servicios<\/h2>\n<p>M\u00e1s que un servicio de conserjer\u00eda de lujo, hemos creado un servicio completo de gesti\u00f3n del estilo de vida basado en las necesidades y demandas de nuestros clientes y socios a lo largo de los a\u00f1os.<\/p>\n<p>Por supuesto, nos ocupamos de las solicitudes cotidianas, proporcionando acceso y asistencia a lugares, eventos, personas y cosas que de otro modo estar\u00edan fuera del mercado.<\/p>\n<p>Pero tambi\u00e9n tenemos equipos, dirigidos por expertos globales, para gestionar casi cualquier complejidad en la vida de nuestros miembros.<\/p>\n<p>Nuestra promesa es que le ahorraremos tiempo y le permitiremos experimentar lo mejor que el mundo puede ofrecer.<\/p>\n<\/div><\/div><div class=\"w-separator size_small\"><\/div><div class=\"w-btn-wrapper align_none\"><a class=\"w-btn us-btn-style_1\" href=\"#enquire\"><span class=\"w-btn-label\">Solicitar informaci\u00f3n<\/span><\/a><\/div><div class=\"w-separator size_small\"><\/div><div class=\"w-image us_custom_9cf479d2 align_none\"><a href=\"#enquire\" aria-label=\"Link\" class=\"w-image-h\"><img width=\"600\" height=\"150\" src=\"https:\/\/vipflow.com\/es\/wp-content\/uploads\/2021\/10\/service_vipflow.png\" class=\"attachment-large size-large\" alt=\"\" decoding=\"async\" loading=\"lazy\" srcset=\"https:\/\/vipflow.com\/es\/wp-content\/uploads\/2021\/10\/service_vipflow.png 600w, https:\/\/vipflow.com\/es\/wp-content\/uploads\/2021\/10\/service_vipflow-300x75.png 300w\" sizes=\"(max-width: 600px) 100vw, 600px\" \/><\/a><\/div><\/div><\/div><\/div><\/div><\/div><\/section><section class=\"l-section wpb_row height_small\"><div class=\"l-section-h i-cf\"><div class=\"g-cols vc_row via_flex valign_top type_default stacking_default\"><div class=\"vc_col-sm-12 wpb_column vc_column_container\"><div class=\"vc_column-inner\"><div class=\"wpb_wrapper\"><div class=\"wpb_text_column\"><div class=\"wpb_wrapper\"><h3>Wanderlust<\/h3>\n<p>Nuestro servicio estrella.Vamos m\u00e1s all\u00e1 para nuestros clientes organizando una experiencia de viaje a medida, inspirada en usted. Construimos unas vacaciones totalmente a medida dise\u00f1adas para sorprender, deleitar e impresionar.<\/p>\n<\/div><\/div><div class=\"w-separator size_small\"><\/div><div class=\"w-btn-wrapper align_none\"><a class=\"w-btn us-btn-style_1\" href=\"#enquire\"><span class=\"w-btn-label\">Solicitar informaci\u00f3n<\/span><\/a><\/div><div class=\"w-separator size_small\"><\/div><div class=\"w-image us_custom_9cf479d2 align_none\"><a href=\"#enquire\" aria-label=\"Link\" class=\"w-image-h\"><img width=\"600\" height=\"150\" src=\"https:\/\/vipflow.com\/es\/wp-content\/uploads\/2021\/10\/CONCIERGE-BY-1.png\" class=\"attachment-large size-large\" alt=\"\" decoding=\"async\" loading=\"lazy\" srcset=\"https:\/\/vipflow.com\/es\/wp-content\/uploads\/2021\/10\/CONCIERGE-BY-1.png 600w, https:\/\/vipflow.com\/es\/wp-content\/uploads\/2021\/10\/CONCIERGE-BY-1-300x75.png 300w\" sizes=\"(max-width: 600px) 100vw, 600px\" \/><\/a><\/div><\/div><\/div><\/div><\/div><\/div><\/section><section class=\"l-section wpb_row height_small\" id=\"enquire\"><div class=\"l-section-h i-cf\"><div class=\"g-cols vc_row via_flex valign_top type_default stacking_default\"><div class=\"vc_col-sm-12 wpb_column vc_column_container\"><div class=\"vc_column-inner\"><div class=\"wpb_wrapper\"><div class=\"wpb_text_column\"><div class=\"wpb_wrapper\"><h2>Solicitar informaci\u00f3n<\/h2>\n<\/div><\/div><div class=\"w-btn-wrapper align_none\"><a class=\"w-btn us-btn-style_1 icon_atleft\" href=\"#\"><i class=\"fab fa-whatsapp\"><\/i><span class=\"w-btn-label\">a trav\u00e9s de Whatsapp<\/span><\/a><\/div><div class=\"w-btn-wrapper align_none\"><a class=\"w-btn us-btn-style_1 icon_atleft\" href=\"#\"><i class=\"far fa-envelope\"><\/i><span class=\"w-btn-label\">por correo electr\u00f3nico<\/span><\/a><\/div><\/div><\/div><\/div><\/div><\/div><\/section>\n","protected":false},"excerpt":{"rendered":"El grupo de conserjer\u00eda n\u00famero 1 del mundo El servicio de conserjer\u00eda y afiliaci\u00f3n n\u00famero 1 del mundo Obtenga un gestor personal de su estilo de vida &#8211; Privilegios exclusivos &#8211; Acceso \u00fanico y a medida &#8211; Con cobertura mundial &#8211; Y experiencias inolvidables Y, por \u00faltimo, ahorrar tiempo Solicitar informaci\u00f3nDescubra nuestros servicios Nuestros servicios...","protected":false},"author":1,"featured_media":0,"parent":0,"menu_order":0,"comment_status":"closed","ping_status":"closed","template":"","meta":{"inline_featured_image":false},"_links":{"self":[{"href":"https:\/\/vipflow.com\/es\/wp-json\/wp\/v2\/pages\/1422"}],"collection":[{"href":"https:\/\/vipflow.com\/es\/wp-json\/wp\/v2\/pages"}],"about":[{"href":"https:\/\/vipflow.com\/es\/wp-json\/wp\/v2\/types\/page"}],"author":[{"embeddable":true,"href":"https:\/\/vipflow.com\/es\/wp-json\/wp\/v2\/users\/1"}],"replies":[{"embeddable":true,"href":"https:\/\/vipflow.com\/es\/wp-json\/wp\/v2\/comments?post=1422"}],"version-history":[{"count":5,"href":"https:\/\/vipflow.com\/es\/wp-json\/wp\/v2\/pages\/1422\/revisions"}],"predecessor-version":[{"id":1442,"href":"https:\/\/vipflow.com\/es\/wp-json\/wp\/v2\/pages\/1422\/revisions\/1442"}],"wp:attachment":[{"href":"https:\/\/vipflow.com\/es\/wp-json\/wp\/v2\/media?parent=1422"}],"curies":[{"name":"wp","href":"https:\/\/api.w.org\/{rel}","templated":true}]}}